{"id":126,"date":"2019-12-17T14:42:54","date_gmt":"2019-12-17T13:42:54","guid":{"rendered":"https:\/\/prod.lespetitsbrins.com\/?product=import-placeholder-for-2136"},"modified":"2019-12-17T14:43:02","modified_gmt":"2019-12-17T13:43:02","slug":"kit-calendrier-de-lavent-diy-a-faire-soi-meme","status":"publish","type":"product","link":"https:\/\/prod.lespetitsbrins.com\/?product=kit-calendrier-de-lavent-diy-a-faire-soi-meme","title":{"rendered":"Kit calendrier de l&rsquo;avent DIY \u00e0 faire soi-m\u00eame"},"content":{"rendered":"<h1>Kit Calendrier de l&rsquo;avent illustr\u00e9 \u00e0 faire soi-m\u00eame<\/h1>\n<p>Et voil\u00e0 notre kit calendrier de l&rsquo;avent 2017 ! Le compte \u00e0 rebours\u00a0a commenc\u00e9, dans 12 jours exactement, nous f\u00eatons le premier jour de l&rsquo;avent. Si vous ne poss\u00e9dez pas votre calendrier de l&rsquo;avent, il est encore temps de vous y mettre en commandant ce Kit pour fabriquer soi-m\u00eame un calendrier de l&rsquo;avent DIY. Vous pourrez le suspendre \u00e0 un joli bout de bois peint ou brut, \u00e0 un cintre en bois, glisser les pochettes d\u00e9cor\u00e9es dans votre calendrier de l&rsquo;avent de l&rsquo;ann\u00e9e pass\u00e9e en tissu, ou tout simplement les mettre dans un joli petit panier &#8230; Je glisse pour les 10 premi\u00e8res commandes un petite carte de v\u0153ux imprim\u00e9e &lt;3<\/p>\n<p>Vos enfants seront ravis avec ce calendrier de l&rsquo;avent fait-maison dans lequel vous glisserez pour chaque jour qui vous s\u00e9pare de No\u00ebl une petite surprise. Cela peut \u00eatre un chocolat, un bonbon, un petit jouet ou encore un petit mot doux.<\/p>\n<h2>Chaque kit calendrier de l&rsquo;avent contient :<\/h2>\n<p><span class=\"_5mfr _47e3\"><img loading=\"lazy\" class=\"img\" src=\"https:\/\/www.facebook.com\/images\/emoji.php\/v9\/fe0\/1\/16\/1f31f.png\" alt=\"\" width=\"16\" height=\"16\" \/>\u00a0<\/span>24 jolis stickers &#8211; autocollants illustr\u00e9s et num\u00e9rot\u00e9s (6 cm)<\/p>\n<p><span class=\"_5mfr _47e3\"><img loading=\"lazy\" class=\"img\" src=\"https:\/\/www.facebook.com\/images\/emoji.php\/v9\/fe0\/1\/16\/1f31f.png\" alt=\"\" width=\"16\" height=\"16\" \/><\/span>\u00a024 pochettes en kraft (9 x 12 cm)<\/p>\n<p><span class=\"_5mfr _47e3\"><img loading=\"lazy\" class=\"img\" src=\"https:\/\/www.facebook.com\/images\/emoji.php\/v9\/fe0\/1\/16\/1f31f.png\" alt=\"\" width=\"16\" height=\"16\" \/><\/span>\u00a05 m de corde de chanvre<\/p>\n<p><span class=\"_5mfr _47e3\"><img loading=\"lazy\" class=\"img\" src=\"https:\/\/www.facebook.com\/images\/emoji.php\/v9\/fe0\/1\/16\/1f31f.png\" alt=\"\" width=\"16\" height=\"16\" \/>\u00a0<\/span>24 mini pinces \u00e0 linge<\/p>\n<p>&nbsp;<\/p>\n","protected":false},"excerpt":{"rendered":"<h2>Contenu du Kit DIY calendrier de l&rsquo;avent :<\/h2>\n<p><span class=\"_5mfr _47e3\"><img loading=\"lazy\" class=\"img\" src=\"https:\/\/www.facebook.com\/images\/emoji.php\/v9\/fe0\/1\/16\/1f31f.png\" alt=\"\" width=\"16\" height=\"16\" \/>\u00a0<\/span>24 jolis stickers illustr\u00e9s et num\u00e9rot\u00e9s (6 cm)<\/p>\n<p><span class=\"_5mfr _47e3\"><img loading=\"lazy\" class=\"img\" src=\"https:\/\/www.facebook.com\/images\/emoji.php\/v9\/fe0\/1\/16\/1f31f.png\" alt=\"\" width=\"16\" height=\"16\" \/><\/span>\u00a024 pochettes en kraft (9 x 12 cm)<\/p>\n<p><span class=\"_5mfr _47e3\"><img loading=\"lazy\" class=\"img\" src=\"https:\/\/www.facebook.com\/images\/emoji.php\/v9\/fe0\/1\/16\/1f31f.png\" alt=\"\" width=\"16\" height=\"16\" \/><\/span>\u00a05 m de corde de chanvre<\/p>\n<p><span class=\"_5mfr _47e3\"><img loading=\"lazy\" class=\"img\" src=\"https:\/\/www.facebook.com\/images\/emoji.php\/v9\/fe0\/1\/16\/1f31f.png\" alt=\"\" width=\"16\" height=\"16\" \/>\u00a0<\/span>24 mini pinces \u00e0 linge<\/p>\n","protected":false},"featured_media":135,"comment_status":"open","ping_status":"closed","template":"","meta":[],"_links":{"self":[{"href":"https:\/\/prod.lespetitsbrins.com\/index.php?rest_route=\/wp\/v2\/product\/126"}],"collection":[{"href":"https:\/\/prod.lespetitsbrins.com\/index.php?rest_route=\/wp\/v2\/product"}],"about":[{"href":"https:\/\/prod.lespetitsbrins.com\/index.php?rest_route=\/wp\/v2\/types\/product"}],"replies":[{"embeddable":true,"href":"https:\/\/prod.lespetitsbrins.com\/index.php?rest_route=%2Fwp%2Fv2%2Fcomments&post=126"}],"wp:featuredmedia":[{"embeddable":true,"href":"https:\/\/prod.lespetitsbrins.com\/index.php?rest_route=\/wp\/v2\/media\/135"}],"wp:attachment":[{"href":"https:\/\/prod.lespetitsbrins.com\/index.php?rest_route=%2Fwp%2Fv2%2Fmedia&parent=126"}],"curies":[{"name":"wp","href":"https:\/\/api.w.org\/{rel}","templated":true}]}}