{"id":128,"date":"2019-12-17T14:42:54","date_gmt":"2019-12-17T13:42:54","guid":{"rendered":"https:\/\/prod.lespetitsbrins.com\/?product=import-placeholder-for-2189"},"modified":"2019-12-17T14:43:07","modified_gmt":"2019-12-17T13:43:07","slug":"flamant-rose-1","status":"publish","type":"product","link":"https:\/\/prod.lespetitsbrins.com\/?product=flamant-rose-1","title":{"rendered":"Flamant rose #1"},"content":{"rendered":"<p>Affiche Flamant rose et couronne. Illustration originale d&rsquo;Isabelle Monnerot-Dumaine.\u00a0Le flamant rose est un th\u00e8me de d\u00e9coration tr\u00e8s tendance qui apporte une touche f\u00e9minine, pleine de po\u00e9sie et de douceur. Id\u00e9al pour un cadeau de naissance, un anniversaire, un faire-part de naissance.<\/p>\n<p>Reproduction num\u00e9rique sur papier textur\u00e9 300 g\/m\u00b2.<\/p>\n<h2>Les affiches flamants roses sont personnalisables :<\/h2>\n<p>vous pouvez y ajouter \u00ab\u00a0Bienvenue PR\u00c9NOM\u00a0\u00bb ou \u00ab\u00a0PR\u00c9NOM et date de naissance\u00a0\u00bb. Attention, se r\u00e9f\u00e9rer aux mod\u00e8les, aucun changement ne sera effectu\u00e9. Veillez \u00e0 bien v\u00e9rifier l&rsquo;orthographe du pr\u00e9nom et la date de naissance. Ces reproductions gicl\u00e9es fine art \u00e9tant faites \u00e0 la demande, aucun retour ou \u00e9change ne sera effectu\u00e9.<\/p>\n<p>Format A4.\u00a0Plus grand format, <a href=\"https:\/\/www.lespetitsbrins.com\/me-contacter\/\">me contacter<\/a>.<\/p>\n<p>Vendue sans cadre.<\/p>\n<p>N&rsquo;h\u00e9sitez pas \u00e0 me contacter si vous souhaitez que je compose ce visuel du flamant rose pour une utilisation sur un autre support : faire-part de naissance, carton d&rsquo;invitation \u00e0 un anniversaire&#8230;<\/p>\n","protected":false},"excerpt":{"rendered":"<p>Affiche <strong>flamant rose<\/strong>\u00a0#1 (collier) pour d\u00e9corer la chambre de votre enfant. D\u00e9tail paillet\u00e9 (couronne).\u00a0Reproduction num\u00e9rique sur papier textur\u00e9 300 g\/m\u00b2. Livraison en lettre suivie sous 48 heures.<\/p>\n<p><strong>Affiche personnalisable<\/strong>. Ajoutez le pr\u00e9nom de votre b\u00e9b\u00e9, de votre enfant, sa date de naissance en choisissant un mod\u00e8le.\u00a0Veillez \u00e0 bien v\u00e9rifier l&rsquo;orthographe du pr\u00e9nom, aucun retour ou \u00e9change ne sera effectu\u00e9.<\/p>\n<p>Format disponible A4. Pour un plus grand format, <a href=\"http:\/\/www.lespetitsbrins.com\/me-contacter\/\">me contacter<\/a>.<\/p>\n","protected":false},"featured_media":143,"comment_status":"open","ping_status":"closed","template":"","meta":[],"_links":{"self":[{"href":"https:\/\/prod.lespetitsbrins.com\/index.php?rest_route=\/wp\/v2\/product\/128"}],"collection":[{"href":"https:\/\/prod.lespetitsbrins.com\/index.php?rest_route=\/wp\/v2\/product"}],"about":[{"href":"https:\/\/prod.lespetitsbrins.com\/index.php?rest_route=\/wp\/v2\/types\/product"}],"replies":[{"embeddable":true,"href":"https:\/\/prod.lespetitsbrins.com\/index.php?rest_route=%2Fwp%2Fv2%2Fcomments&post=128"}],"wp:featuredmedia":[{"embeddable":true,"href":"https:\/\/prod.lespetitsbrins.com\/index.php?rest_route=\/wp\/v2\/media\/143"}],"wp:attachment":[{"href":"https:\/\/prod.lespetitsbrins.com\/index.php?rest_route=%2Fwp%2Fv2%2Fmedia&parent=128"}],"curies":[{"name":"wp","href":"https:\/\/api.w.org\/{rel}","templated":true}]}}