{"id":162,"date":"2019-12-17T14:43:16","date_gmt":"2019-12-17T13:43:16","guid":{"rendered":"https:\/\/prod.lespetitsbrins.com\/?product=import-placeholder-for-2454"},"modified":"2019-12-17T14:43:42","modified_gmt":"2019-12-17T13:43:42","slug":"affiche-licorne","status":"publish","type":"product","link":"https:\/\/prod.lespetitsbrins.com\/?product=affiche-licorne","title":{"rendered":"Affiche Licorne"},"content":{"rendered":"<p style=\"text-align: justify;\">Affiche Licorne, avec le Rose \/ Or, Mint \/ Argent ou avec la citation \u00ab\u00a0Believe in magic\u00a0\u00bb. Illustration originale d&rsquo;Isabelle Monnerot-Dumaine. Cette reproduction est pleine de po\u00e9sie, de douceur et de f\u00e9\u00e9rie.<\/p>\n<p style=\"text-align: justify;\">Reproduction num\u00e9rique sur papier textur\u00e9 300 g\/m\u00b2 au format A4. Plus grand format, <a href=\"https:\/\/www.lespetitsbrins.com\/me-contacter\/\">me contacter<\/a>.<\/p>\n<p style=\"text-align: justify;\">Vendue sans cadre. Photos non contractuelles.<\/p>\n<p style=\"text-align: justify;\">N&rsquo;h\u00e9sitez pas \u00e0 me contacter si vous souhaitez que je compose ce visuel de Licorne pour une utilisation sur un autre support : faire-part de naissance, carton d&rsquo;invitation \u00e0 un anniversaire&#8230;<\/p>\n","protected":false},"excerpt":{"rendered":"<p style=\"text-align: justify;\">Affiche <strong>Licorne Believe in magic ou unie<\/strong> une illustration originale pour d\u00e9corer votre chambre,\u00a0 la chambre de votre enfant ou futur b\u00e9b\u00e9.<\/p>\n<p style=\"text-align: justify;\">Format A4. Pour un plus grand format, <a href=\"http:\/\/www.lespetitsbrins.com\/me-contacter\/\">me contacter<\/a>.\u00a0Vendue sans cadre.<\/p>\n","protected":false},"featured_media":192,"comment_status":"open","ping_status":"closed","template":"","meta":[],"_links":{"self":[{"href":"https:\/\/prod.lespetitsbrins.com\/index.php?rest_route=\/wp\/v2\/product\/162"}],"collection":[{"href":"https:\/\/prod.lespetitsbrins.com\/index.php?rest_route=\/wp\/v2\/product"}],"about":[{"href":"https:\/\/prod.lespetitsbrins.com\/index.php?rest_route=\/wp\/v2\/types\/product"}],"replies":[{"embeddable":true,"href":"https:\/\/prod.lespetitsbrins.com\/index.php?rest_route=%2Fwp%2Fv2%2Fcomments&post=162"}],"wp:featuredmedia":[{"embeddable":true,"href":"https:\/\/prod.lespetitsbrins.com\/index.php?rest_route=\/wp\/v2\/media\/192"}],"wp:attachment":[{"href":"https:\/\/prod.lespetitsbrins.com\/index.php?rest_route=%2Fwp%2Fv2%2Fmedia&parent=162"}],"curies":[{"name":"wp","href":"https:\/\/api.w.org\/{rel}","templated":true}]}}