{"id":169,"date":"2019-12-17T14:43:17","date_gmt":"2019-12-17T13:43:17","guid":{"rendered":"https:\/\/prod.lespetitsbrins.com\/?product=import-placeholder-for-2488"},"modified":"2019-12-17T14:43:28","modified_gmt":"2019-12-17T13:43:28","slug":"portrait-denfant-illustre-personnalisable-prenom-garcon","status":"publish","type":"product","link":"https:\/\/prod.lespetitsbrins.com\/?product=portrait-denfant-illustre-personnalisable-prenom-garcon","title":{"rendered":"Portrait d&rsquo;enfant illustr\u00e9 personnalisable &#8211; Pr\u00e9nom Gar\u00e7on"},"content":{"rendered":"<p>Personnalisez ce doux portrait d&rsquo;enfant de style r\u00e9tro vintage, une illustration originale d&rsquo;Isabelle Monnerot-Dumaine. Pour un petit gar\u00e7on sage, ou coquin, avec son petit chien favori. Pour un cadeau de naissance, un cadeau d&rsquo;anniversaire, ou tout simplement pour d\u00e9corer la chambre de votre enfant, neveu, filleul&#8230; A offrir ou \u00e0 s&rsquo;offrir !<\/p>\n<p>Vous choisissez la couleur des cheveux, la couleur de l&rsquo;ellipse et indiquez le pr\u00e9nom de l&rsquo;enfant et sa date de naissance.<\/p>\n<p>Reproduction de l&rsquo;illustration sur un papier \u00e9pais et textur\u00e9 (300 gr\/m\u00b2).<\/p>\n<p>Personnalisation avec le pr\u00e9nom et \/ ou la date de naissance de l&rsquo;enfant. Attention, aucun \u00e9change ne sera effectu\u00e9 si l&rsquo;orthographe du pr\u00e9nom et la date ne sont pas corrects. Merci de bien v\u00e9rifier ces informations.<\/p>\n<p>&nbsp;<\/p>\n","protected":false},"excerpt":{"rendered":"<p>Portrait d&rsquo;enfant personnalisable. Illustration vintage et r\u00e9tro, originale reproduite et imprim\u00e9e sur un papier d&rsquo;art \u00e9pais (300 gr\/m\u00b2). Personnalisation de la couleur des cheveux, du pr\u00e9nom et \/ ou date de naissance, et de l&rsquo;ellipse du fond.<\/p>\n<p>Vendue sans cadre. Attention, veillez \u00e0 bien v\u00e9rifier l&rsquo;orthographe du pr\u00e9nom et la date, aucune modification ne sera accept\u00e9e apr\u00e8s l&rsquo;impression et l&rsquo;exp\u00e9dition de l&rsquo;affiche.<\/p>\n","protected":false},"featured_media":202,"comment_status":"open","ping_status":"closed","template":"","meta":[],"_links":{"self":[{"href":"https:\/\/prod.lespetitsbrins.com\/index.php?rest_route=\/wp\/v2\/product\/169"}],"collection":[{"href":"https:\/\/prod.lespetitsbrins.com\/index.php?rest_route=\/wp\/v2\/product"}],"about":[{"href":"https:\/\/prod.lespetitsbrins.com\/index.php?rest_route=\/wp\/v2\/types\/product"}],"replies":[{"embeddable":true,"href":"https:\/\/prod.lespetitsbrins.com\/index.php?rest_route=%2Fwp%2Fv2%2Fcomments&post=169"}],"wp:featuredmedia":[{"embeddable":true,"href":"https:\/\/prod.lespetitsbrins.com\/index.php?rest_route=\/wp\/v2\/media\/202"}],"wp:attachment":[{"href":"https:\/\/prod.lespetitsbrins.com\/index.php?rest_route=%2Fwp%2Fv2%2Fmedia&parent=169"}],"curies":[{"name":"wp","href":"https:\/\/api.w.org\/{rel}","templated":true}]}}