{"id":17,"date":"2019-12-17T14:41:53","date_gmt":"2019-12-17T13:41:53","guid":{"rendered":"https:\/\/prod.lespetitsbrins.com\/?product=import-placeholder-for-816"},"modified":"2019-12-17T14:42:03","modified_gmt":"2019-12-17T13:42:03","slug":"sac-tote-bag-jpeux-pas-jai-piscine","status":"publish","type":"product","link":"https:\/\/prod.lespetitsbrins.com\/?product=sac-tote-bag-jpeux-pas-jai-piscine","title":{"rendered":"Sac Tote Bag J&rsquo;peux pas&#8230; j&rsquo;ai piscine"},"content":{"rendered":"<div>\n<p>Tote bag en coton organique premium BIO \u00ab\u00a0J&rsquo;peux pas, j&rsquo;ai piscine\u00a0\u00bb <strong>fabriqu\u00e9 en Europe et imprim\u00e9 en France<\/strong>.<\/p>\n<p>\u00a9 Cr\u00e9ation originale \u00ab\u00a0Les petits brins\u00a0\u00bb<\/p>\n<p>Reproduction interdite.<\/p>\n<\/div>\n","protected":false},"excerpt":{"rendered":"<h3>Sac cabas\u00a0 Tote Bag J&rsquo;peux pas&#8230; j&rsquo;ai piscine<\/h3>\n<p><strong> Illustration originale les Petits Brins d&rsquo;Isabelle.<\/strong><\/p>\n<p>Sac 100% coton organique bio v\u00e9g\u00e9tal et impression num\u00e9rique sur tissu.<br \/>\nTissu \u00e9pais et r\u00e9sistant : 340 g\/m\u00b2<br \/>\nQualit\u00e9 : premium<\/p>\n<p>Peut \u00eatre port\u00e9 \u00e0 la main ou sur l\u2019\u00e9paule.<br \/>\nLongueur des anses : 67 cm.<br \/>\nTaille : 38&#215;42 cm<br \/>\nCapacit\u00e9 : 10 litres.<\/p>\n<p>Marque : Westford Mill<\/p>\n","protected":false},"featured_media":47,"comment_status":"open","ping_status":"closed","template":"","meta":[],"_links":{"self":[{"href":"https:\/\/prod.lespetitsbrins.com\/index.php?rest_route=\/wp\/v2\/product\/17"}],"collection":[{"href":"https:\/\/prod.lespetitsbrins.com\/index.php?rest_route=\/wp\/v2\/product"}],"about":[{"href":"https:\/\/prod.lespetitsbrins.com\/index.php?rest_route=\/wp\/v2\/types\/product"}],"replies":[{"embeddable":true,"href":"https:\/\/prod.lespetitsbrins.com\/index.php?rest_route=%2Fwp%2Fv2%2Fcomments&post=17"}],"wp:featuredmedia":[{"embeddable":true,"href":"https:\/\/prod.lespetitsbrins.com\/index.php?rest_route=\/wp\/v2\/media\/47"}],"wp:attachment":[{"href":"https:\/\/prod.lespetitsbrins.com\/index.php?rest_route=%2Fwp%2Fv2%2Fmedia&parent=17"}],"curies":[{"name":"wp","href":"https:\/\/api.w.org\/{rel}","templated":true}]}}