{"id":171,"date":"2019-12-17T14:43:17","date_gmt":"2019-12-17T13:43:17","guid":{"rendered":"https:\/\/prod.lespetitsbrins.com\/?product=import-placeholder-for-2509"},"modified":"2019-12-17T14:43:41","modified_gmt":"2019-12-17T13:43:41","slug":"sac-a-petites-culottes-et-lingerie-pochette","status":"publish","type":"product","link":"https:\/\/prod.lespetitsbrins.com\/?product=sac-a-petites-culottes-et-lingerie-pochette","title":{"rendered":"Sac \u00e0 Petites culottes et lingerie &#8211; pochette"},"content":{"rendered":"<p>Pochette en coton personnalis\u00e9e pour ranger vos petites culottes lors de vos d\u00e9placements, pour partir en colonie, aller chez Mamie, <span style=\"display: inline !important; float: none; background-color: transparent; color: #333333; cursor: text; font-family: -apple-system,BlinkMacSystemFont,'Segoe UI',Roboto,Oxygen-Sans,Ubuntu,Cantarell,'Helvetica Neue',sans-serif; font-size: 16px; font-style: normal; font-variant: normal; font-weight: 400; letter-spacing: normal; orphans: 2; text-align: left; text-decoration: none; text-indent: 0px; text-transform: none; -webkit-text-stroke-width: 0px; white-space: normal; word-spacing: 0px;\">pour un camp de jeannette, <\/span>de guides, aller chez sa meilleure amie pour une pyjama party&#8230;<\/p>\n<p>Ce sac original et unique, avec une illustration des Petits Brins d&rsquo;Isabelle est imprim\u00e9 en France.<\/p>\n<p>&nbsp;<\/p>\n","protected":false},"excerpt":{"rendered":"<p>Un brin d&rsquo;humour pour cette petite pochette illustr\u00e9e et imprim\u00e9e pour ranger vos Petites culottes pr\u00e9f\u00e9r\u00e9es quand vous ou vos enfants partez en d\u00e9placement.<\/p>\n","protected":false},"featured_media":210,"comment_status":"open","ping_status":"closed","template":"","meta":[],"_links":{"self":[{"href":"https:\/\/prod.lespetitsbrins.com\/index.php?rest_route=\/wp\/v2\/product\/171"}],"collection":[{"href":"https:\/\/prod.lespetitsbrins.com\/index.php?rest_route=\/wp\/v2\/product"}],"about":[{"href":"https:\/\/prod.lespetitsbrins.com\/index.php?rest_route=\/wp\/v2\/types\/product"}],"replies":[{"embeddable":true,"href":"https:\/\/prod.lespetitsbrins.com\/index.php?rest_route=%2Fwp%2Fv2%2Fcomments&post=171"}],"wp:featuredmedia":[{"embeddable":true,"href":"https:\/\/prod.lespetitsbrins.com\/index.php?rest_route=\/wp\/v2\/media\/210"}],"wp:attachment":[{"href":"https:\/\/prod.lespetitsbrins.com\/index.php?rest_route=%2Fwp%2Fv2%2Fmedia&parent=171"}],"curies":[{"name":"wp","href":"https:\/\/api.w.org\/{rel}","templated":true}]}}