{"id":172,"date":"2019-12-17T14:43:18","date_gmt":"2019-12-17T13:43:18","guid":{"rendered":"https:\/\/prod.lespetitsbrins.com\/?product=import-placeholder-for-2514"},"modified":"2019-12-17T14:43:45","modified_gmt":"2019-12-17T13:43:45","slug":"sac-des-chaussettes-disparues-orphelines","status":"publish","type":"product","link":"https:\/\/prod.lespetitsbrins.com\/?product=sac-des-chaussettes-disparues-orphelines","title":{"rendered":"Sac des chaussettes disparues &#038; orphelines"},"content":{"rendered":"<p>Vous aussi vous collectionnez les <strong>chaussettes orphelines<\/strong> et \u00eates toujours \u00e0 la recherche des <strong>chaussettes disparues<\/strong> ? Un petit sac illustr\u00e9 pour vous permettre de regrouper les orphelines, mais aussi de regrouper les paires quand vos enfants partent en voyage, en vacances chez les amis, les grands parents.<\/p>\n<p>Pochette en coton personnalis\u00e9e pour ranger vos chouettes chaussettes. Ce sac original et unique, avec une illustration des Petits Brins d&rsquo;Isabelle est imprim\u00e9 en France.<\/p>\n<p>&nbsp;<\/p>\n","protected":false},"excerpt":{"rendered":"<p>Un brin d&rsquo;humour pour cette pochette illustr\u00e9e et imprim\u00e9e pour ranger vos \u00ab\u00a0chouettes\u00a0\u00bb chaussettes disparues. Finies les orphelines ! Test\u00e9 et approuv\u00e9 \u00e0 la maison, on a pu recr\u00e9er une petite dizaine de couples \ud83d\ude09<\/p>\n","protected":false},"featured_media":224,"comment_status":"open","ping_status":"closed","template":"","meta":[],"_links":{"self":[{"href":"https:\/\/prod.lespetitsbrins.com\/index.php?rest_route=\/wp\/v2\/product\/172"}],"collection":[{"href":"https:\/\/prod.lespetitsbrins.com\/index.php?rest_route=\/wp\/v2\/product"}],"about":[{"href":"https:\/\/prod.lespetitsbrins.com\/index.php?rest_route=\/wp\/v2\/types\/product"}],"replies":[{"embeddable":true,"href":"https:\/\/prod.lespetitsbrins.com\/index.php?rest_route=%2Fwp%2Fv2%2Fcomments&post=172"}],"wp:featuredmedia":[{"embeddable":true,"href":"https:\/\/prod.lespetitsbrins.com\/index.php?rest_route=\/wp\/v2\/media\/224"}],"wp:attachment":[{"href":"https:\/\/prod.lespetitsbrins.com\/index.php?rest_route=%2Fwp%2Fv2%2Fmedia&parent=172"}],"curies":[{"name":"wp","href":"https:\/\/api.w.org\/{rel}","templated":true}]}}