{"id":173,"date":"2019-12-17T14:43:18","date_gmt":"2019-12-17T13:43:18","guid":{"rendered":"https:\/\/prod.lespetitsbrins.com\/?product=import-placeholder-for-2549"},"modified":"2019-12-17T14:43:51","modified_gmt":"2019-12-17T13:43:51","slug":"portrait-de-famille-illustre-semi-personnalisable","status":"publish","type":"product","link":"https:\/\/prod.lespetitsbrins.com\/?product=portrait-de-famille-illustre-semi-personnalisable","title":{"rendered":"Portrait de famille illustr\u00e9 semi-personnalisable"},"content":{"rendered":"<p>Une illustration de votre petite famille personnalisable, pleine de tendresse, \u00e0 personnaliser.<br \/>\nPour annoncer une naissance, f\u00e9liciter les heureux parents, d\u00e9corer la chambre de b\u00e9b\u00e9, vous faire plaisir en affichant votre jolie petite famille dans le salon&#8230;<\/p>\n<h3>De nombreuses options pour faire de ce portrait de famille personnalisable, un portrait unique<\/h3>\n<p><strong>Choisissez tout d&rsquo;abord le nombre d&rsquo;enfants \u00e0 illustrer en plus du b\u00e9b\u00e9<\/strong>, 1, 2, 3 ou 4 ? (<a href=\"https:\/\/www.lespetitsbrins.com\/me-contacter\/\">plus me contacter<\/a>).<br \/>\nFratries de filles, fratries de gar\u00e7ons, le choix du roi ? Expliquez-moi tout dans le formulaire r\u00e9serv\u00e9 \u00e0 cet effet.<\/p>\n<p><strong>Choisissez votre couleur du moment<\/strong>. Vous \u00eates plut\u00f4t Bleu Klein, Rouge Coquelicot, Jaune qui pique, Ardoise pil\u00e9e, Rose poudr\u00e9, ou Mint givr\u00e9 ?<\/p>\n<p><strong>Ajoutez ou non quelques d\u00e9tails<\/strong> :<\/p>\n<ul>\n<li>Vous pr\u00e9f\u00e9rez avec ou sans fleurs (\u00e0 gauche et \u00e0 droite de maman et papa) ? Attention pas de fleurs pour 4 enfants.<\/li>\n<li>Papa peut avoir ou non de la barbe,<\/li>\n<li>des lunettes ou non,<\/li>\n<li>des paillettes ou non sur les fleurs (couronne de Maman, fleur de la grande s\u0153ur, et fleurs de d\u00e9coration)<\/li>\n<\/ul>\n<p><strong>Ajouter un petit texte qui illustre et d\u00e9crit votre belle petite famille<\/strong> : \u00ab\u00a0Notre petit tr\u00e9sor\u00a0\u00bb, \u00ab\u00a0Notre petite famille ch\u00e9rie\u00a0\u00bb, \u00ab\u00a0Le bonheur en famille\u00a0\u00bb, \u00ab\u00a0Notre famille heureuse\u00a0\u00bb&#8230; si vous souhaitez ajouter votre nom de famille, choisissez \u00ab\u00a0la famille VOTRENOM\u00a0\u00bb et compl\u00e9tez le champ pr\u00e9vu \u00e0 cet effet.<\/p>\n<p><strong>Ajoutez les pr\u00e9noms de vos enfants en dessous de l&rsquo;illustration<\/strong>, en pr\u00e9cisant bien, leur position et sexe dans les notes de la commande.<\/p>\n<p>Le design ne sera pas chang\u00e9, (base couple avec b\u00e9b\u00e9) l&rsquo;id\u00e9e est de s&rsquo;offrir une illustration originale d&rsquo;Isabelle \u00e0 un prix tout doux, qui repr\u00e9sente votre famille mais si vous voulez un <a href=\"https:\/\/www.lespetitsbrins.com\/produit\/portrait-de-famille-illustration-personnalisee\/\">portrait de famille illustr\u00e9 sur-mesure<\/a>, c&rsquo;est par ici.<\/p>\n<p>L&rsquo;illustration de votre portrait de famille personnalisable est imprim\u00e9e sur un papier \u00e9pais et textur\u00e9 (300 gr\/m\u00b2) au format 21 x 29,7. Vendue sans cadre.<\/p>\n","protected":false},"excerpt":{"rendered":"<p><strong>Notre petite famille ch\u00e9rie &#8211; La belle vie en famille<\/strong><\/p>\n<p>Une illustration de votre petite famille, pleine de tendresse, \u00e0 personnaliser. Choisissez le nombre d&rsquo;enfants, les d\u00e9tails, la couleur des marini\u00e8res, la phrase personnalisable. L&rsquo;illustration ne peut \u00eatre modifi\u00e9e, se reporter au portrait personnalis\u00e9. Envoi en 48 heures. Impression de l&rsquo;illustration sur un papier \u00e9pais textur\u00e9 (300 gr\/m\u00b2), format 21 x 29,7 cm.<\/p>\n","protected":false},"featured_media":225,"comment_status":"open","ping_status":"closed","template":"","meta":[],"_links":{"self":[{"href":"https:\/\/prod.lespetitsbrins.com\/index.php?rest_route=\/wp\/v2\/product\/173"}],"collection":[{"href":"https:\/\/prod.lespetitsbrins.com\/index.php?rest_route=\/wp\/v2\/product"}],"about":[{"href":"https:\/\/prod.lespetitsbrins.com\/index.php?rest_route=\/wp\/v2\/types\/product"}],"replies":[{"embeddable":true,"href":"https:\/\/prod.lespetitsbrins.com\/index.php?rest_route=%2Fwp%2Fv2%2Fcomments&post=173"}],"wp:featuredmedia":[{"embeddable":true,"href":"https:\/\/prod.lespetitsbrins.com\/index.php?rest_route=\/wp\/v2\/media\/225"}],"wp:attachment":[{"href":"https:\/\/prod.lespetitsbrins.com\/index.php?rest_route=%2Fwp%2Fv2%2Fmedia&parent=173"}],"curies":[{"name":"wp","href":"https:\/\/api.w.org\/{rel}","templated":true}]}}