{"id":185,"date":"2019-12-17T14:43:20","date_gmt":"2019-12-17T13:43:20","guid":{"rendered":"https:\/\/prod.lespetitsbrins.com\/?product=import-placeholder-for-2667"},"modified":"2019-12-17T14:44:02","modified_gmt":"2019-12-17T13:44:02","slug":"portrait-denfant-illustration-personnalisee-sur-mesure","status":"publish","type":"product","link":"https:\/\/prod.lespetitsbrins.com\/?product=portrait-denfant-illustration-personnalisee-sur-mesure","title":{"rendered":"Portrait d&rsquo;enfant illustration personnalis\u00e9e sur mesure"},"content":{"rendered":"<p style=\"text-align: justify;\">J&rsquo;illustre le <strong>portrait de votre enfant<\/strong>, b\u00e9b\u00e9, ni\u00e8ce, neveu, filleule, filleul, petite-fille, petit-fils&#8230; sur la base de photos. Cette illustration personnalis\u00e9e de son <strong>portrait illustr\u00e9 sur mesure<\/strong> est aussi valable pour les <strong>fratries !<\/strong> Un cadeau unique et tr\u00e8s sp\u00e9cial. Pourquoi ne pas me demander d&rsquo;illustre le portrait de vos enfants illustr\u00e9, personnalisable \u00e0 souhait et original ?<\/p>\n<p>Avec ces illustrations originales, illustr\u00e9es \u00e0 la fa\u00e7on des Petits Brins, vous serez certains de faire un cadeau de naissance, d\u2019anniversaire ou de mariage, de naissance ou de f\u00eates religieuses (bapt\u00eames, communions, confirmations, Bar mitzvah, \u2026) vraiment original. Vous\u00a0cherchez\u00a0un faire-part de naissance original ? N&rsquo;h\u00e9sitez plus, vous \u00eates au bon endroit \ud83d\ude09<\/p>\n<p>J\u2019illustre le portrait de votre enfant sur la base d\u2019une ou plusieurs photos, avec les couleurs et pr\u00e9noms de votre choix que vous m\u2019aurez indiqu\u00e9s lors de votre commande ou apr\u00e8s par email. On peut ajouter quelques petits d\u00e9tails pour que l&rsquo;illustration s&rsquo;int\u00e8gre parfaitement dans sa chambre : un doudou, un coussin, un tapis, &#8230; demandez-moi et je vous dirai si c&rsquo;est faisable ou non.<\/p>\n<p><span>Si vous souhaitez ajouter votre animal de compagnie pr\u00e9f\u00e9r\u00e9 ou tout autre d\u00e9tail, merci de l\u2019indiquer dans les options et de s\u00e9lectionner la quantit\u00e9 souhait\u00e9e. <\/span>de l\u2019indiquer dans les options.<\/p>\n<h4 style=\"text-align: justify;\">Comment \u00e7a marche ?<\/h4>\n<ol>\n<li style=\"text-align: justify;\"><strong>Choisissez le nombre d&rsquo;enfants \u00e0 illustrer<br \/>\n<\/strong><span>Si vous souhaitez ajouter votre animal de compagnie pr\u00e9f\u00e9r\u00e9, merci de cocher la case dans les options et d&rsquo;indiquer la quantit\u00e9. Les grands animaux comme les chevaux comptent pour un personnage. Merci.<\/span><\/li>\n<li style=\"text-align: justify;\"><strong>Envoyez-moi vos photos<br \/>\n<\/strong>Je fais une illustration sur mesure de votre portrait de famille sur la base d\u2019une ou plusieurs photos. Merci de m&rsquo;envoyer des photos de vous bien lisibles, sans bonnets ou grosses doudounes qui m&#8217;emp\u00eacheraient de bien voir qui vous \u00eates :D. Au del\u00e0 de 10 personnages, je vous demanderai dans la mesure du possible, une photo de groupe.<\/li>\n<li style=\"text-align: justify;\"><strong>Vous choisissez les d\u00e9tails et les couleurs principales de l&rsquo;illustration<\/strong><br \/>\nGr\u00e2ce au champ de personnalisation, vous m&rsquo;indiquez les couleurs, les pr\u00e9noms et \/ ou le message de votre choix (pas de roman S.V.P. :D)<\/li>\n<li style=\"text-align: justify;\"><strong>Je vous adresse le crayonn\u00e9 de l&rsquo;illustration par email avant la mise en couleur, afin que vous validiez le dessin.<\/strong><br \/>\nVous pouvez me demander\u00a0deux fois une modification<\/li>\n<li style=\"text-align: justify;\"><strong>Je fais la mise en couleur et vous adresse votre portrait de famille par\u00a0courrier (format A4, 300 gr\/m\u00b2)<br \/>\nSi vous souhaitez\u00a0une\u00a0<strong>toile sur ch\u00e2ssis<\/strong> merci de choisir cette option au moment de la commande. De m\u00eame, si vous souhaitez un format ne figurant pas dans les choix, contactez moi avant de passer commande.<\/strong><\/li>\n<\/ol>\n<h4>D\u00e9lais de r\u00e9alisation<\/h4>\n<p style=\"text-align: justify;\">Les d\u00e9lais vont varier suivant le nombre de commandes en cours. Compter un d\u00e9lai minimum de<strong> 2\u00a0\u00e0 3 semaines<\/strong>, entre la commande et la livraison (dans le cas d\u2019une impression sur toile). Cela peut aller jusqu&rsquo;\u00e0 2 mois. Donc merci de bien vouloir me contacter avant de passer commande si vous \u00eates press\u00e9s.<\/p>\n<p style=\"text-align: justify;\">Vous pouvez \u00e9galement offrir un <strong>bon cadeau<\/strong> si vous pensez que nous ne serons pas dans les d\u00e9lais.<\/p>\n","protected":false},"excerpt":{"rendered":"<p>Illustration portrait de votre enfant (b\u00e9b\u00e9) personnalis\u00e9e et sur mesure. Sur la base de vos photos, je r\u00e9alise une illustration sur mesure. Envie de d\u00e9nicher LE cadeau original et unique ?<\/p>\n<p>Livraison par courrier, impression sur papier d&rsquo;art (A4, 300 gr\/m\u00b2) ou sur toile avec ch\u00e2ssis, ou aquarelle originale en options. <span style=\"color: #ef8b84;\"><strong>Merci de <a href=\"https:\/\/www.lespetitsbrins.com\/me-contacter\/\">me contacter<\/a> avant de passer commande pour les d\u00e9lais.<\/strong><\/span><\/p>\n<p>Plus d&rsquo;infos <a href=\"#tab-description\">ci-dessous<\/a><\/p>\n","protected":false},"featured_media":243,"comment_status":"open","ping_status":"closed","template":"","meta":[],"_links":{"self":[{"href":"https:\/\/prod.lespetitsbrins.com\/index.php?rest_route=\/wp\/v2\/product\/185"}],"collection":[{"href":"https:\/\/prod.lespetitsbrins.com\/index.php?rest_route=\/wp\/v2\/product"}],"about":[{"href":"https:\/\/prod.lespetitsbrins.com\/index.php?rest_route=\/wp\/v2\/types\/product"}],"replies":[{"embeddable":true,"href":"https:\/\/prod.lespetitsbrins.com\/index.php?rest_route=%2Fwp%2Fv2%2Fcomments&post=185"}],"wp:featuredmedia":[{"embeddable":true,"href":"https:\/\/prod.lespetitsbrins.com\/index.php?rest_route=\/wp\/v2\/media\/243"}],"wp:attachment":[{"href":"https:\/\/prod.lespetitsbrins.com\/index.php?rest_route=%2Fwp%2Fv2%2Fmedia&parent=185"}],"curies":[{"name":"wp","href":"https:\/\/api.w.org\/{rel}","templated":true}]}}