{"id":19,"date":"2019-12-17T14:41:54","date_gmt":"2019-12-17T13:41:54","guid":{"rendered":"https:\/\/prod.lespetitsbrins.com\/?product=import-placeholder-for-tb-aqua-poney"},"modified":"2019-12-17T14:42:05","modified_gmt":"2019-12-17T13:42:05","slug":"sac-tote-bag-jpeux-pas-jai-aqua-poney","status":"publish","type":"product","link":"https:\/\/prod.lespetitsbrins.com\/?product=sac-tote-bag-jpeux-pas-jai-aqua-poney","title":{"rendered":"Sac Tote bag J&rsquo;peux pas&#8230; j&rsquo;ai aqua poney"},"content":{"rendered":"<div>\n<p>Tote bag original et unique en coton organique BIO \u00ab\u00a0J&rsquo;peux pas, j&rsquo;ai aqua poney\u00a0\u00bb <strong>fabriqu\u00e9 en Europe et imprim\u00e9 en France<\/strong>.<\/p>\n<p>\u00a9 Cr\u00e9ation originale \u00ab\u00a0Les petits brins\u00a0\u00bb<\/p>\n<p>Reproduction interdite.<\/p>\n<\/div>\n","protected":false},"excerpt":{"rendered":"<h3>Sac cabas\u00a0 Tote Bag J&rsquo;peux pas&#8230; j&rsquo;ai aqua poney<\/h3>\n<p><strong>Illustration originale Les Petits Brins d&rsquo;Isabelle.<\/strong><\/p>\n<p>Tote bag 100% coton organique bio v\u00e9g\u00e9tal et impression num\u00e9rique sur tissu.<br \/>\nTissu \u00e9pais et r\u00e9sistant : 340 g\/m\u00b2<br \/>\nQualit\u00e9 : premium<\/p>\n<p>&nbsp;<\/p>\n<p>Peut \u00eatre port\u00e9 \u00e0 la main ou sur l\u2019\u00e9paule.<br \/>\nLongueur des anses : 67 cm.<br \/>\nTaille : 38&#215;42 cm<br \/>\nCapatit\u00e9 : 10 litres.<\/p>\n<p>Marque : Westford Mill<\/p>\n","protected":false},"featured_media":49,"comment_status":"open","ping_status":"closed","template":"","meta":[],"_links":{"self":[{"href":"https:\/\/prod.lespetitsbrins.com\/index.php?rest_route=\/wp\/v2\/product\/19"}],"collection":[{"href":"https:\/\/prod.lespetitsbrins.com\/index.php?rest_route=\/wp\/v2\/product"}],"about":[{"href":"https:\/\/prod.lespetitsbrins.com\/index.php?rest_route=\/wp\/v2\/types\/product"}],"replies":[{"embeddable":true,"href":"https:\/\/prod.lespetitsbrins.com\/index.php?rest_route=%2Fwp%2Fv2%2Fcomments&post=19"}],"wp:featuredmedia":[{"embeddable":true,"href":"https:\/\/prod.lespetitsbrins.com\/index.php?rest_route=\/wp\/v2\/media\/49"}],"wp:attachment":[{"href":"https:\/\/prod.lespetitsbrins.com\/index.php?rest_route=%2Fwp%2Fv2%2Fmedia&parent=19"}],"curies":[{"name":"wp","href":"https:\/\/api.w.org\/{rel}","templated":true}]}}