{"id":191,"date":"2019-12-17T14:43:21","date_gmt":"2019-12-17T13:43:21","guid":{"rendered":"https:\/\/prod.lespetitsbrins.com\/?product=import-placeholder-for-3154"},"modified":"2019-12-17T14:44:14","modified_gmt":"2019-12-17T13:44:14","slug":"faire-part-de-mariage-illustre-personnalise-et-original","status":"publish","type":"product","link":"https:\/\/prod.lespetitsbrins.com\/?product=faire-part-de-mariage-illustre-personnalise-et-original","title":{"rendered":"Faire part de mariage illustr\u00e9 personnalis\u00e9 et original"},"content":{"rendered":"<p style=\"text-align: justify;\">Votre faire <strong>part de mariage original et illustr\u00e9<\/strong> par Isabelle Monnerot-Dumaine. Vous voulez un faire-part de mariage qui soit unique et qui vous ressemble ? Une <strong>illustration originale et sur-mesure<\/strong> pour votre <strong>save the date<\/strong> ? Un prestataire qui s&rsquo;occupe de la mise en page et de l&rsquo;impression du faire-part, mais aussi de la <strong>papeterie<\/strong> li\u00e9e \u00e0 ce grand jour : livret de messe ou de c\u00e9r\u00e9monie, marque tables, menus, cartons suppl\u00e9mentaires, et tout autre support (gobelets, totebags\u2026) ?<\/p>\n<p style=\"text-align: justify;\">Graphiste ind\u00e9pendante depuis 2007, j&rsquo;illustre depuis quelques ann\u00e9es vos jolis couples et familles et tout naturellement, l&rsquo;on m&rsquo;a demand\u00e9 d&rsquo;illustrer vos faire-part. Je travaille de la m\u00eame mani\u00e8re pour tous les portraits qui me sont confi\u00e9s : donner vie \u00e0 mes illustrations en reproduisant vos traits physiques \u00e0 partir des photos que vous me confiez &#8211; vous vous reconnaitrez &#8211; et vos traits de personnalit\u00e9 ou les d\u00e9cors qui vous caract\u00e9risent et qui vous sont propres.<\/p>\n<p style=\"text-align: justify;\">J\u2019illustre votre portrait de mariage sur la base d\u2019une ou plusieurs photos, avec les \u00e9l\u00e9ments que vous m&rsquo;aurez communiqu\u00e9s par email ou par t\u00e9l\u00e9phone. Si votre famille est une famille recompos\u00e9e et que vous souhaitez que toute la tribu soit illustr\u00e9e, choisissez tout simplement le nombre de personnes total.<\/p>\n<p style=\"text-align: justify;\">Merci de le pr\u00e9ciser dans les notes si au cours de ce mariage, un autre \u00e9v\u00e9nement familial ou religieux est pr\u00e9vu, comme un anniversaire ou un bapt\u00eame . Vous pouvez ajouter votre animal de compagnie pr\u00e9f\u00e9r\u00e9 ou tout autre d\u00e9tail, merci de l\u2019indiquer dans les options. Attention, 1 animal = 1 personnage. Le tarif de base est calcul\u00e9 pour deux personnages. J&rsquo;\u00e9tudie toutes vos demandes, et si vous sentez qu&rsquo;il est n\u00e9cessaire de m&rsquo;\u00e9crire, n&rsquo;h\u00e9sitez pas \u00e0 utiliser <a href=\"https:\/\/www.lespetitsbrins.com\/me-contacter\/\">ce formulaire de contact<\/a>.<\/p>\n<h4 style=\"text-align: justify;\">Comment \u00e7a marche ?<\/h4>\n<ol>\n<li style=\"text-align: justify;\"><strong>Choisissez le nombre de personnes \u00e0 illustrer<\/strong><br \/>\nSi vous souhaitez ajouter votre animal de compagnie pr\u00e9f\u00e9r\u00e9 ou tout autre d\u00e9tail, merci de l\u2019indiquer dans les options.\u00a0Attention, 1\u00a0animal = 1 personnage, cochez la case dans les options. Le tarif de base est calcul\u00e9 pour deux personnages.<\/li>\n<li style=\"text-align: justify;\"><strong>Envoyez-moi vos photos<br \/>\n<\/strong>Je fais l&rsquo;illustration sur mesure de votre portrait de mariage ou de famille mari\u00e9s\u00a0sur la base d\u2019une ou plusieurs photos. Merci de m&rsquo;envoyer des <strong>photos de vous bien lisibles, visages de face, sans lunettes de soleil,<\/strong> sans bonnets ou grosses doudounes ou autres photo bombs qui m&#8217;emp\u00eacheraient de bien voir qui vous \u00eates :D. Le cas contraire, je me r\u00e9serve le droit de reporter la r\u00e9alisation de votre portrait tant que je n&rsquo;ai pas re\u00e7u de photos lisibles et de qualit\u00e9. Merci de votre compr\u00e9hension.<\/li>\n<li style=\"text-align: justify;\"><strong>Vous choisissez les d\u00e9tails et les couleurs principales de l&rsquo;illustration<\/strong><br \/>\nGr\u00e2ce au champ de personnalisation, vous m&rsquo;indiquez les couleurs, les pr\u00e9noms et \/ ou le message de votre choix (pas de roman S.V.P. :D). Concernant les d\u00e9tails de fond, ils seront sugg\u00e9r\u00e9s, et non trait\u00e9s comme les personnages. S&rsquo;il y en a trop, je me r\u00e9serve le droit de vous limiter et vous propose l&rsquo;option d\u00e9cor.<\/li>\n<li style=\"text-align: justify;\"><strong>Je vous adresse le crayonn\u00e9 de l&rsquo;illustration par email avant la mise en couleur, afin que vous validiez le dessin.<\/strong><br \/>\nVous pouvez me demander\u00a0deux fois une modification<\/li>\n<li style=\"text-align: justify;\"><strong>Je fais la mise en couleur puis vous adresse l&rsquo;illustration de votre faire part de mariage par mail puis par courrier (format A4, 300 gr\/m\u00b2). En option je vous propose la mise en page et l&rsquo;impression de vos faire-part, sur devis.<\/strong><\/li>\n<\/ol>\n<h4>D\u00e9lais de r\u00e9alisation<\/h4>\n<p style=\"text-align: justify;\">Les d\u00e9lais vont varier suivant le nombre de commandes en cours. Compter un d\u00e9lai minimum de<strong> 3 \u00e0 5 semaines<\/strong>, entre la commande et la livraison (dans le cas d\u2019une impression sur toile). Cela peut aller jusqu&rsquo;\u00e0 2 mois. Donc merci de bien vouloir <strong><a href=\"https:\/\/www.lespetitsbrins.com\/me-contacter\/\">me contacter<\/a> avant de passer commande si vous \u00eates press\u00e9s<\/strong>.<\/p>\n","protected":false},"excerpt":{"rendered":"<p>Illustration faire-part de mariage illustr\u00e9 et original sur mesure. Sur la base de vos photos, je r\u00e9alise le portrait illustr\u00e9 de votre couple, de votre famille pour votre mariage. Option image HD obligatoire pour le faire-part.<\/p>\n<p>Livraison par courrier, impression sur papier d&rsquo;art (A4, 300 gr\/m\u00b2) ou sur toile avec ch\u00e2ssis, ou aquarelle originale en options. (livr\u00e9 sans cadre).\u00a0<span style=\"color: #ef8b84;\"><strong>Merci de <a style=\"color: #ef8b84;\" href=\"https:\/\/www.lespetitsbrins.com\/me-contacter\/\">me contacter<\/a> avant de passer commande pour les d\u00e9lais.<\/strong><\/span><\/p>\n<p>Plus d&rsquo;infos <a href=\"#tab-description\">ci-dessous<\/a><\/p>\n","protected":false},"featured_media":275,"comment_status":"open","ping_status":"closed","template":"","meta":[],"_links":{"self":[{"href":"https:\/\/prod.lespetitsbrins.com\/index.php?rest_route=\/wp\/v2\/product\/191"}],"collection":[{"href":"https:\/\/prod.lespetitsbrins.com\/index.php?rest_route=\/wp\/v2\/product"}],"about":[{"href":"https:\/\/prod.lespetitsbrins.com\/index.php?rest_route=\/wp\/v2\/types\/product"}],"replies":[{"embeddable":true,"href":"https:\/\/prod.lespetitsbrins.com\/index.php?rest_route=%2Fwp%2Fv2%2Fcomments&post=191"}],"wp:featuredmedia":[{"embeddable":true,"href":"https:\/\/prod.lespetitsbrins.com\/index.php?rest_route=\/wp\/v2\/media\/275"}],"wp:attachment":[{"href":"https:\/\/prod.lespetitsbrins.com\/index.php?rest_route=%2Fwp%2Fv2%2Fmedia&parent=191"}],"curies":[{"name":"wp","href":"https:\/\/api.w.org\/{rel}","templated":true}]}}