{"id":21,"date":"2019-12-17T14:41:54","date_gmt":"2019-12-17T13:41:54","guid":{"rendered":"https:\/\/prod.lespetitsbrins.com\/?product=import-placeholder-for-1265"},"modified":"2019-12-17T14:42:29","modified_gmt":"2019-12-17T13:42:29","slug":"tote-bag-mojito-jpeux-pas-jai-mojito-pour-mojito-addicts","status":"publish","type":"product","link":"https:\/\/prod.lespetitsbrins.com\/?product=tote-bag-mojito-jpeux-pas-jai-mojito-pour-mojito-addicts","title":{"rendered":"Tote Bag Mojito J&rsquo;peux pas&#8230; j&rsquo;ai Mojito &#8211; pour Mojito addicts"},"content":{"rendered":"<div>\n<p>Deux Tote bags Mojito en coton premium organique BIO \u00ab\u00a0J&rsquo;peux pas j&rsquo;ai mojito\u00a0\u00bb &amp; \u00ab\u00a0All I need is love and Mojito\u00a0\u00bb, pens\u00e9s sp\u00e9cialement pour les \u00ab\u00a0Mojito addicts\u00a0\u00bb.<\/p>\n<p><strong>Fabriqu\u00e9 en Europe et imprim\u00e9 en France<\/strong>.<\/p>\n<p>\u00a9 Cr\u00e9ations originales \u00ab\u00a0Les Petits Brins d&rsquo;Isabelle \u00bb<\/p>\n<p>Reproduction interdite.<\/p>\n<\/div>\n","protected":false},"excerpt":{"rendered":"<h4>Tote bag Combo Mojito addict<br \/>\nDeux sacs cabas Tote Bags \u00ab\u00a0J&rsquo;peux pas j&rsquo;ai Mojito\u00a0\u00bb et \u00ab\u00a0All I need is love and mojito\u00a0\u00bb<\/h4>\n<p><strong><span style=\"color: #008000;\">S\u00e9rie tr\u00e8s limit\u00e9e !<\/span><br \/>\nIllustrations originales Les Petits Brins d&rsquo;Isabelle.<\/strong><\/p>\n<p>Sacs 100% coton organique bio v\u00e9g\u00e9tal et impression directe sur tissu.<br \/>\nTissu tr\u00e8s \u00e9pais et r\u00e9sistant : 340 g\/m\u00b2<br \/>\nQualit\u00e9 : Premium<\/p>\n<p>Peut \u00eatre port\u00e9 \u00e0 la main ou sur l\u2019\u00e9paule.<br \/>\nLongueur des anses : 67 cm.<br \/>\nTaille : 38&#215;42 cm<br \/>\nCapacit\u00e9 : 10 litres.<\/p>\n<p>Marque : Westford Mill<\/p>\n","protected":false},"featured_media":64,"comment_status":"open","ping_status":"closed","template":"","meta":[],"_links":{"self":[{"href":"https:\/\/prod.lespetitsbrins.com\/index.php?rest_route=\/wp\/v2\/product\/21"}],"collection":[{"href":"https:\/\/prod.lespetitsbrins.com\/index.php?rest_route=\/wp\/v2\/product"}],"about":[{"href":"https:\/\/prod.lespetitsbrins.com\/index.php?rest_route=\/wp\/v2\/types\/product"}],"replies":[{"embeddable":true,"href":"https:\/\/prod.lespetitsbrins.com\/index.php?rest_route=%2Fwp%2Fv2%2Fcomments&post=21"}],"wp:featuredmedia":[{"embeddable":true,"href":"https:\/\/prod.lespetitsbrins.com\/index.php?rest_route=\/wp\/v2\/media\/64"}],"wp:attachment":[{"href":"https:\/\/prod.lespetitsbrins.com\/index.php?rest_route=%2Fwp%2Fv2%2Fmedia&parent=21"}],"curies":[{"name":"wp","href":"https:\/\/api.w.org\/{rel}","templated":true}]}}