{"id":215,"date":"2019-12-17T14:43:43","date_gmt":"2019-12-17T13:43:43","guid":{"rendered":"https:\/\/prod.lespetitsbrins.com\/?product=import-placeholder-for-3253"},"modified":"2019-12-17T14:44:26","modified_gmt":"2019-12-17T13:44:26","slug":"carte-postale-illustree-ours-polaire","status":"publish","type":"product","link":"https:\/\/prod.lespetitsbrins.com\/?product=carte-postale-illustree-ours-polaire","title":{"rendered":"Carte postale illustr\u00e9e ours polaire"},"content":{"rendered":"<p>Carte postale Ours polaire, naissance, enfants.<\/p>\n<p>Carte de v\u0153ux carr\u00e9e pli\u00e9e (4 pages) &#8211; Illustration originale Les Petits Brins d&rsquo;Isabelle.<br \/>\nInt\u00e9rieur vierge<br \/>\nRecto : logo et marque<br \/>\nImprim\u00e9e sur du papier mat recycl\u00e9, encres v\u00e9g\u00e9tales.<br \/>\nLivr\u00e9e avec une enveloppe carr\u00e9e blanche.<\/p>\n<p>&nbsp;<\/p>\n","protected":false},"excerpt":{"rendered":"<p>Carte postale Ours polaire.<br \/>\nCarte de v\u0153ux carr\u00e9e 2 volets, pli\u00e9e (4 pages) &#8211; Illustration originale Les Petits Brins d&rsquo;Isabelle.<br \/>\nInt\u00e9rieur vierge.<br \/>\nRecto : logo et marque.<br \/>\nImprim\u00e9e sur du papier mat recycl\u00e9, encres v\u00e9g\u00e9tales.<br \/>\nLivr\u00e9e avec une enveloppe carr\u00e9e blanche.<\/p>\n","protected":false},"featured_media":296,"comment_status":"open","ping_status":"closed","template":"","meta":[],"_links":{"self":[{"href":"https:\/\/prod.lespetitsbrins.com\/index.php?rest_route=\/wp\/v2\/product\/215"}],"collection":[{"href":"https:\/\/prod.lespetitsbrins.com\/index.php?rest_route=\/wp\/v2\/product"}],"about":[{"href":"https:\/\/prod.lespetitsbrins.com\/index.php?rest_route=\/wp\/v2\/types\/product"}],"replies":[{"embeddable":true,"href":"https:\/\/prod.lespetitsbrins.com\/index.php?rest_route=%2Fwp%2Fv2%2Fcomments&post=215"}],"wp:featuredmedia":[{"embeddable":true,"href":"https:\/\/prod.lespetitsbrins.com\/index.php?rest_route=\/wp\/v2\/media\/296"}],"wp:attachment":[{"href":"https:\/\/prod.lespetitsbrins.com\/index.php?rest_route=%2Fwp%2Fv2%2Fmedia&parent=215"}],"curies":[{"name":"wp","href":"https:\/\/api.w.org\/{rel}","templated":true}]}}