{"id":216,"date":"2019-12-17T14:43:43","date_gmt":"2019-12-17T13:43:43","guid":{"rendered":"https:\/\/prod.lespetitsbrins.com\/?product=import-placeholder-for-3258"},"modified":"2019-12-17T14:44:27","modified_gmt":"2019-12-17T13:44:27","slug":"carte-postale-illustree-baleine-whalewave-dapres-hokusai","status":"publish","type":"product","link":"https:\/\/prod.lespetitsbrins.com\/?product=carte-postale-illustree-baleine-whalewave-dapres-hokusai","title":{"rendered":"Carte postale illustr\u00e9e baleine (whale&#038;wave) d&rsquo;apr\u00e8s Hokusai"},"content":{"rendered":"<p>Carte postale baleine, vague d&rsquo;apr\u00e8s <b><i><span style=\"color: #222222; font-family: Arial;\">La Grande Vague de Kanagawa<\/span><\/i><\/b> d&rsquo;Hokusai.<\/p>\n<p>Carte de v\u0153ux carr\u00e9e pli\u00e9e (4 pages) &#8211; Illustration originale Les Petits Brins d&rsquo;Isabelle.<br \/>\nInt\u00e9rieur vierge<br \/>\nRecto : logo et marque<br \/>\nImprim\u00e9e sur du papier mat recycl\u00e9, encres v\u00e9g\u00e9tales.<br \/>\n<strong>Livr\u00e9e avec une enveloppe carr\u00e9e blanche<\/strong>.<\/p>\n<p>&nbsp;<\/p>\n","protected":false},"excerpt":{"rendered":"<p>Carte postale Baleine Vague &#8211; Whale wave d&rsquo;apr\u00e8s Hokusai<br \/>\nCarte de v\u0153ux carr\u00e9e 2 volets, pli\u00e9e (4 pages) &#8211; Illustration originale Les Petits Brins d&rsquo;Isabelle.<br \/>\nImprim\u00e9e sur du papier mat recycl\u00e9, encres v\u00e9g\u00e9tales.<br \/>\n<strong>Livr\u00e9e avec une enveloppe carr\u00e9e blanche.<\/strong><\/p>\n","protected":false},"featured_media":298,"comment_status":"open","ping_status":"closed","template":"","meta":[],"_links":{"self":[{"href":"https:\/\/prod.lespetitsbrins.com\/index.php?rest_route=\/wp\/v2\/product\/216"}],"collection":[{"href":"https:\/\/prod.lespetitsbrins.com\/index.php?rest_route=\/wp\/v2\/product"}],"about":[{"href":"https:\/\/prod.lespetitsbrins.com\/index.php?rest_route=\/wp\/v2\/types\/product"}],"replies":[{"embeddable":true,"href":"https:\/\/prod.lespetitsbrins.com\/index.php?rest_route=%2Fwp%2Fv2%2Fcomments&post=216"}],"wp:featuredmedia":[{"embeddable":true,"href":"https:\/\/prod.lespetitsbrins.com\/index.php?rest_route=\/wp\/v2\/media\/298"}],"wp:attachment":[{"href":"https:\/\/prod.lespetitsbrins.com\/index.php?rest_route=%2Fwp%2Fv2%2Fmedia&parent=216"}],"curies":[{"name":"wp","href":"https:\/\/api.w.org\/{rel}","templated":true}]}}