{"id":218,"date":"2019-12-17T14:43:43","date_gmt":"2019-12-17T13:43:43","guid":{"rendered":"https:\/\/prod.lespetitsbrins.com\/?product=import-placeholder-for-3264"},"modified":"2019-12-17T14:44:32","modified_gmt":"2019-12-17T13:44:32","slug":"carte-postale-illustree-poucette-thumbelina","status":"publish","type":"product","link":"https:\/\/prod.lespetitsbrins.com\/?product=carte-postale-illustree-poucette-thumbelina","title":{"rendered":"Carte postale illustr\u00e9e Poucette (Thumbelina)"},"content":{"rendered":"<p>Carte postale illustr\u00e9e d&rsquo;apr\u00e8s <b><i><span style=\"color: #222222; font-family: Arial;\">le conte d&rsquo;Andersen : Poucette (Thumbelina)<\/span><\/i><\/b>.<\/p>\n<p>Carte de v\u0153ux carr\u00e9e pli\u00e9e (4 pages) &#8211; Illustration originale Les Petits Brins d&rsquo;Isabelle.\u00a0<span style=\"display: inline !important; float: none; background-color: transparent; color: #333333; cursor: text; font-family: -apple-system,BlinkMacSystemFont,'Segoe UI',Roboto,Oxygen-Sans,Ubuntu,Cantarell,'Helvetica Neue',sans-serif; font-size: 16px; font-style: normal; font-variant: normal; font-weight: 400; letter-spacing: normal; orphans: 2; text-align: left; text-decoration: none; text-indent: 0px; text-transform: none; -webkit-text-stroke-width: 0px; white-space: normal; word-spacing: 0px;\">Parfaite pour \u00e9crire vos v\u0153ux ou f\u00e9liciter pour une naissance, ou encore d\u00e9corer la chambre de votre enfant.<\/span><br \/>\nInt\u00e9rieur vierge<br \/>\nRecto : logo et marque<br \/>\nImprim\u00e9e sur du papier mat recycl\u00e9, encres v\u00e9g\u00e9tales.<br \/>\n<strong>Livr\u00e9e avec une enveloppe carr\u00e9e blanche<\/strong>.<\/p>\n<p>&nbsp;<\/p>\n","protected":false},"excerpt":{"rendered":"<p><span style=\"display: inline !important; float: none; background-color: transparent; color: #333333; cursor: text; font-family: -apple-system,BlinkMacSystemFont,'Segoe UI',Roboto,Oxygen-Sans,Ubuntu,Cantarell,'Helvetica Neue',sans-serif; font-size: 16px; font-style: normal; font-variant: normal; font-weight: 400; letter-spacing: normal; orphans: 2; text-align: left; text-decoration: none; text-indent: 0px; text-transform: none; -webkit-text-stroke-width: 0px; white-space: normal; word-spacing: 0px;\">Carte postale illustr\u00e9e d&rsquo;apr\u00e8s <\/span><i>le conte d&rsquo;Andersen : Poucette (Thumbelina)<\/i><span style=\"text-align: left; color: #333333; text-transform: none; text-indent: 0px; letter-spacing: normal; font-family: -apple-system,BlinkMacSystemFont,'Segoe UI',Roboto,Oxygen-Sans,Ubuntu,Cantarell,'Helvetica Neue',sans-serif; font-size: 16px; font-style: normal; font-variant: normal; text-decoration: none; word-spacing: 0px; display: inline !important; white-space: normal; cursor: text; orphans: 2; float: none; -webkit-text-stroke-width: 0px; background-color: transparent;\">.<\/span><br \/>\nCarte de v\u0153ux carr\u00e9e 2 volets, pli\u00e9e (4 pages) &#8211; Illustration originale Les Petits Brins d&rsquo;Isabelle.<br \/>\nImprim\u00e9e sur du papier mat recycl\u00e9, encres v\u00e9g\u00e9tales.<br \/>\n<strong>Livr\u00e9e avec une enveloppe carr\u00e9e blanche.<\/strong><\/p>\n","protected":false},"featured_media":311,"comment_status":"open","ping_status":"closed","template":"","meta":[],"_links":{"self":[{"href":"https:\/\/prod.lespetitsbrins.com\/index.php?rest_route=\/wp\/v2\/product\/218"}],"collection":[{"href":"https:\/\/prod.lespetitsbrins.com\/index.php?rest_route=\/wp\/v2\/product"}],"about":[{"href":"https:\/\/prod.lespetitsbrins.com\/index.php?rest_route=\/wp\/v2\/types\/product"}],"replies":[{"embeddable":true,"href":"https:\/\/prod.lespetitsbrins.com\/index.php?rest_route=%2Fwp%2Fv2%2Fcomments&post=218"}],"wp:featuredmedia":[{"embeddable":true,"href":"https:\/\/prod.lespetitsbrins.com\/index.php?rest_route=\/wp\/v2\/media\/311"}],"wp:attachment":[{"href":"https:\/\/prod.lespetitsbrins.com\/index.php?rest_route=%2Fwp%2Fv2%2Fmedia&parent=218"}],"curies":[{"name":"wp","href":"https:\/\/api.w.org\/{rel}","templated":true}]}}