{"id":222,"date":"2019-12-17T14:43:44","date_gmt":"2019-12-17T13:43:44","guid":{"rendered":"https:\/\/prod.lespetitsbrins.com\/?product=import-placeholder-for-3515"},"modified":"2019-12-17T14:44:37","modified_gmt":"2019-12-17T13:44:37","slug":"illustration-hommage-a-notre-dame-de-paris","status":"publish","type":"product","link":"https:\/\/prod.lespetitsbrins.com\/?product=illustration-hommage-a-notre-dame-de-paris","title":{"rendered":"Illustration Hommage \u00e0 Notre-Dame de Paris"},"content":{"rendered":"<p>Illustration originale en hommage \u00e0 la cath\u00e9drale Notre-Dame de Paris illustr\u00e9e par Isabelle Monnerot-Dumaine. Les b\u00e9n\u00e9fices de ces ventes seront revers\u00e9s \u00e0 la Fondation du Patrimoine.<\/p>\n<p>Impression Fine Art sur Papier \u00e9pais textur\u00e9 : 300 gr\/m\u00b2.<\/p>\n<p>&nbsp;<\/p>\n","protected":false},"excerpt":{"rendered":"<p>Illustration originale en hommage \u00e0 Notre-Dame de Paris illustr\u00e9e par Isabelle Monnerot-Dumaine. Les b\u00e9n\u00e9fices de ces ventes seront revers\u00e9s \u00e0 la <a href=\"https:\/\/www.fondation-patrimoine.org\/les-projets\/sauvons-notre-dame-de-paris\" target=\"_blank\" rel=\"noopener noreferrer\">Fondation du Patrimoine<\/a>.<\/p>\n<p>Impression Fine Art sur Papier \u00e9pais textur\u00e9 : 300 gr\/m\u00b2.<\/p>\n<p>Vendue sans cadre.<\/p>\n","protected":false},"featured_media":318,"comment_status":"open","ping_status":"closed","template":"","meta":[],"_links":{"self":[{"href":"https:\/\/prod.lespetitsbrins.com\/index.php?rest_route=\/wp\/v2\/product\/222"}],"collection":[{"href":"https:\/\/prod.lespetitsbrins.com\/index.php?rest_route=\/wp\/v2\/product"}],"about":[{"href":"https:\/\/prod.lespetitsbrins.com\/index.php?rest_route=\/wp\/v2\/types\/product"}],"replies":[{"embeddable":true,"href":"https:\/\/prod.lespetitsbrins.com\/index.php?rest_route=%2Fwp%2Fv2%2Fcomments&post=222"}],"wp:featuredmedia":[{"embeddable":true,"href":"https:\/\/prod.lespetitsbrins.com\/index.php?rest_route=\/wp\/v2\/media\/318"}],"wp:attachment":[{"href":"https:\/\/prod.lespetitsbrins.com\/index.php?rest_route=%2Fwp%2Fv2%2Fmedia&parent=222"}],"curies":[{"name":"wp","href":"https:\/\/api.w.org\/{rel}","templated":true}]}}