{"id":223,"date":"2019-12-17T14:43:45","date_gmt":"2019-12-17T13:43:45","guid":{"rendered":"https:\/\/prod.lespetitsbrins.com\/?product=import-placeholder-for-ndc-2019"},"modified":"2019-12-17T14:44:38","modified_gmt":"2019-12-17T13:44:38","slug":"carte-postale-notre-dame-de-paris-hommage","status":"publish","type":"product","link":"https:\/\/prod.lespetitsbrins.com\/?product=carte-postale-notre-dame-de-paris-hommage","title":{"rendered":"Carte postale Notre-Dame de Paris hommage"},"content":{"rendered":"<p>Reproduction de l&rsquo;illustration originale en hommage \u00e0 la cath\u00e9drale Notre-Dame de Paris illustr\u00e9e par Isabelle Monnerot-Dumaine. Les b\u00e9n\u00e9fices de ces ventes seront revers\u00e9s \u00e0 la Fondation du Patrimoine.<\/p>\n<p>Impression professionnelle sur papier couch\u00e9 demi-mat 350 gr\/m\u00b2. Livr\u00e9e avec une enveloppe en papier recycl\u00e9 mouchet\u00e9.<\/p>\n<p>&nbsp;<\/p>\n","protected":false},"excerpt":{"rendered":"<p>Carte postale reprenant l&rsquo;illustration originale en hommage \u00e0 Notre-Dame de Paris illustr\u00e9e par Isabelle Monnerot-Dumaine. Les b\u00e9n\u00e9fices de ces ventes seront revers\u00e9s \u00e0 la <a href=\"https:\/\/www.fondation-patrimoine.org\/les-projets\/sauvons-notre-dame-de-paris\" target=\"_blank\" rel=\"noopener noreferrer\">Fondation du Patrimoine<\/a>.<\/p>\n<p>Impression professionnelle sur papier couch\u00e9 demi mat lisse 350 gr\/m\u00b2.<\/p>\n<p>Livr\u00e9e avec une enveloppe en papier recycl\u00e9 mouchet\u00e9.<\/p>\n","protected":false},"featured_media":320,"comment_status":"open","ping_status":"closed","template":"","meta":[],"_links":{"self":[{"href":"https:\/\/prod.lespetitsbrins.com\/index.php?rest_route=\/wp\/v2\/product\/223"}],"collection":[{"href":"https:\/\/prod.lespetitsbrins.com\/index.php?rest_route=\/wp\/v2\/product"}],"about":[{"href":"https:\/\/prod.lespetitsbrins.com\/index.php?rest_route=\/wp\/v2\/types\/product"}],"replies":[{"embeddable":true,"href":"https:\/\/prod.lespetitsbrins.com\/index.php?rest_route=%2Fwp%2Fv2%2Fcomments&post=223"}],"wp:featuredmedia":[{"embeddable":true,"href":"https:\/\/prod.lespetitsbrins.com\/index.php?rest_route=\/wp\/v2\/media\/320"}],"wp:attachment":[{"href":"https:\/\/prod.lespetitsbrins.com\/index.php?rest_route=%2Fwp%2Fv2%2Fmedia&parent=223"}],"curies":[{"name":"wp","href":"https:\/\/api.w.org\/{rel}","templated":true}]}}