{"id":23,"date":"2019-12-17T14:41:55","date_gmt":"2019-12-17T13:41:55","guid":{"rendered":"https:\/\/prod.lespetitsbrins.com\/?product=import-placeholder-for-1759"},"modified":"2019-12-17T14:42:45","modified_gmt":"2019-12-17T13:42:45","slug":"portrait-de-famille-illustration-personnalisee-sur-mesure","status":"publish","type":"product","link":"https:\/\/prod.lespetitsbrins.com\/?product=portrait-de-famille-illustration-personnalisee-sur-mesure","title":{"rendered":"Portrait de famille illustration personnalis\u00e9e sur mesure"},"content":{"rendered":"<p style=\"text-align: justify;\">Offrir un <strong>portrait de famille illustr\u00e9<\/strong>,\u00a0portrait de\u00a0<strong>couple<\/strong>, portrait de mariage\u00a0<strong>mari\u00e9s<\/strong>, portrait d\u2019<strong>amis,<\/strong> personnalis\u00e9s et sur mesure, est un cadeau unique et tr\u00e8s sp\u00e9cial. Pourquoi ne pas me demander d&rsquo;illustrer votre portrait de famille illustr\u00e9, personnalisable \u00e0 souhait et original ?<\/p>\n<p>J\u2019ai un grand plaisir \u00e0 illustrer votre famille, tout comme je le fais pour les dessins de vos enfants, capturer ces instants et moments de bonheur, donner une touche vraiment unique \u00e0 une oeuvre d\u2019art. A travers ce tableau illustr\u00e9 \u00e0 la fa\u00e7on des Petits Brins, vous serez certains de faire un cadeau de naissance, d\u2019anniversaire ou de mariage, de naissance ou de f\u00eates religieuses (bapt\u00eames, communions, confirmations, Bar mitzvah, \u2026) vraiment original. Vous\u00a0cherchez\u00a0un faire-part de mariage original ? N&rsquo;h\u00e9sitez plus, vous \u00eates au bon endroit \ud83d\ude09<\/p>\n<p>J\u2019illustre votre portrait de famille sur la base d\u2019une ou plusieurs photos, avec les couleurs et pr\u00e9noms de votre choix que vous m\u2019aurez indiqu\u00e9s lors de votre commande ou apr\u00e8s par email.<\/p>\n<p>Si vous souhaitez ajouter votre <strong>animal de compagnie<\/strong> pr\u00e9f\u00e9r\u00e9 ou tout autre d\u00e9tail, merci de l\u2019indiquer dans les options et de s\u00e9lectionner la quantit\u00e9 souhait\u00e9e.<\/p>\n<h4 style=\"text-align: justify;\">Comment \u00e7a marche ?<\/h4>\n<ol>\n<li style=\"text-align: justify;\"><strong>Choisissez le nombre de personnes \u00e0 illustrer<\/strong><br \/>\nSi vous souhaitez ajouter votre animal de compagnie pr\u00e9f\u00e9r\u00e9, merci de cocher la case dans les options et d&rsquo;indiquer la quantit\u00e9. Les grands animaux comme les chevaux comptent pour un personnage. Merci.<\/li>\n<li style=\"text-align: justify;\"><strong>Envoyez-moi vos photos<br \/>\n<\/strong>Je fais l&rsquo;illustration sur mesure de votre portrait de couple ou de mari\u00e9s\u00a0sur la base d\u2019une ou plusieurs photos. Merci de m&rsquo;envoyer des <strong>photos de vous bien lisibles, visages de face, sans lunettes de soleil,<\/strong> sans bonnets ou grosses doudounes ou autres photo bombs qui m&#8217;emp\u00eacheraient de bien voir qui vous \u00eates :D. Le cas contraire, je me r\u00e9serve le droit de reporter la r\u00e9alisation de votre portrait tant que je n&rsquo;ai pas re\u00e7u de photos lisibles et de qualit\u00e9. Merci de votre compr\u00e9hension. Au del\u00e0 de 7 personnages, je vous demanderai dans la mesure du possible, une photo de groupe.<\/li>\n<li style=\"text-align: justify;\"><strong>Vous choisissez les d\u00e9tails et les couleurs principales de l&rsquo;illustration<\/strong><br \/>\nGr\u00e2ce au champ de personnalisation, vous m&rsquo;indiquez les couleurs, les pr\u00e9noms et \/ ou le message de votre choix (pas de roman S.V.P. :D). Concernant les d\u00e9tails de fond, ils seront sugg\u00e9r\u00e9s, et non trait\u00e9s comme les personnages. S&rsquo;il y en a trop, je me r\u00e9serve le droit de vous limiter \ud83d\ude09 et de vous demander de cocher l&rsquo;option pr\u00e9vue \u00e0 cet effet.<\/li>\n<li style=\"text-align: justify;\"><strong>Je vous adresse le crayonn\u00e9 de l&rsquo;illustration par email avant la mise en couleur, afin que vous validiez le dessin.<\/strong><br \/>\nVous pouvez me demander\u00a0deux fois une modification<\/li>\n<li style=\"text-align: justify;\"><strong>Je fais la mise en couleur et vous adresse votre portrait de famille par\u00a0courrier (format A4, 300 gr\/m\u00b2)<br \/>\nSi vous souhaitez\u00a0une\u00a0<strong>toile sur ch\u00e2ssis<\/strong> merci de choisir cette option au moment de la commande. De m\u00eame, si vous souhaitez un format ne figurant pas dans les choix, contactez moi avant de passer commande.<\/strong><\/li>\n<\/ol>\n<h4>D\u00e9lais de r\u00e9alisation<\/h4>\n<p style=\"text-align: justify;\">Les d\u00e9lais vont varier suivant le nombre de commandes en cours. Compter un d\u00e9lai minimum de<strong> 3 semaines<\/strong>, entre la commande et la livraison. Cela peut aller jusqu&rsquo;\u00e0 2 mois. Donc merci de bien vouloir <strong><a href=\"https:\/\/www.lespetitsbrins.com\/me-contacter\/\">me contacter<\/a> avant de passer commande si vous \u00eates press\u00e9s<\/strong>.<\/p>\n<p style=\"text-align: justify;\">Vous pouvez \u00e9galement offrir un <strong>bon cadeau<\/strong> si vous pensez que nous ne serons pas dans les d\u00e9lais.<\/p>\n","protected":false},"excerpt":{"rendered":"<p>Illustration famille personnalis\u00e9e, ou de couple sur mesure. Sur la base de vos photos, je r\u00e9alise le portrait illustr\u00e9 de votre couple, de votre famille ou tout autre groupe d&rsquo;amis.<\/p>\n<p>Livraison par courrier, impression sur papier d&rsquo;art (A4, 300 gr\/m\u00b2) ou sur toile avec ch\u00e2ssis, ou aquarelle originale en options. (livr\u00e9 sans cadre).\u00a0<span style=\"color: #ef8b84;\"><strong>Merci de <a style=\"color: #ef8b84;\" href=\"https:\/\/www.lespetitsbrins.com\/me-contacter\/\">me contacter<\/a> avant de passer commande pour les d\u00e9lais.<\/strong><\/span><\/p>\n<p>Plus d&rsquo;infos <a href=\"#tab-description\">ci-dessous<\/a><\/p>\n","protected":false},"featured_media":79,"comment_status":"open","ping_status":"closed","template":"","meta":[],"_links":{"self":[{"href":"https:\/\/prod.lespetitsbrins.com\/index.php?rest_route=\/wp\/v2\/product\/23"}],"collection":[{"href":"https:\/\/prod.lespetitsbrins.com\/index.php?rest_route=\/wp\/v2\/product"}],"about":[{"href":"https:\/\/prod.lespetitsbrins.com\/index.php?rest_route=\/wp\/v2\/types\/product"}],"replies":[{"embeddable":true,"href":"https:\/\/prod.lespetitsbrins.com\/index.php?rest_route=%2Fwp%2Fv2%2Fcomments&post=23"}],"wp:featuredmedia":[{"embeddable":true,"href":"https:\/\/prod.lespetitsbrins.com\/index.php?rest_route=\/wp\/v2\/media\/79"}],"wp:attachment":[{"href":"https:\/\/prod.lespetitsbrins.com\/index.php?rest_route=%2Fwp%2Fv2%2Fmedia&parent=23"}],"curies":[{"name":"wp","href":"https:\/\/api.w.org\/{rel}","templated":true}]}}