{"id":24,"date":"2019-12-17T14:41:55","date_gmt":"2019-12-17T13:41:55","guid":{"rendered":"https:\/\/prod.lespetitsbrins.com\/?product=import-placeholder-for-pfc"},"modified":"2019-12-17T14:42:51","modified_gmt":"2019-12-17T13:42:51","slug":"portrait-de-couple-illustration-personnalisee-sur-mesure","status":"publish","type":"product","link":"https:\/\/prod.lespetitsbrins.com\/?product=portrait-de-couple-illustration-personnalisee-sur-mesure","title":{"rendered":"Portrait de couple illustration personnalis\u00e9e sur mesure"},"content":{"rendered":"<p style=\"text-align: justify;\">Offrir un <strong>portrait de <\/strong><strong>couple<\/strong>, de <strong>mari\u00e9s<\/strong>, illustrer votre <strong>faire-part de mariage<\/strong>, personnalis\u00e9s et sur mesure, est un cadeau unique et tr\u00e8s sp\u00e9cial pour un mariage, anniversaire de mariage ou toute autre occasion. Pourquoi ne pas me demander d&rsquo;illustrer votre portrait de couple illustr\u00e9 et original ?<\/p>\n<p style=\"text-align: justify;\">J\u2019ai un grand plaisir \u00e0 illustrer &#8211; d&rsquo;apr\u00e8s vos photos &#8211; vos portraits de couple, de jeunes ou moins jeunes mari\u00e9s \ud83d\ude09 tout comme je le fais pour les <a href=\"http:\/\/www.lespetitsbrins.com\/produit\/tote-bag-sac-personnalise-dessin-enfant-sublime\/\">dessins de vos enfants<\/a>.\u00a0Capturer ces instants et moments de bonheur, donne une touche vraiment unique \u00e0 une oeuvre artistique originale.<\/p>\n<p style=\"text-align: justify;\">Vous cherchez le cadeau unique, original\u00a0et personnalis\u00e9 ? Avec ce portrait de couple illustr\u00e9, vous serez certains de faire un cadeau de mariage, d&rsquo;anniversaire de mariage<b>\u00a0<\/b>qui marquera. Je peux \u00e9galement r\u00e9aliser l&rsquo;illustration de votre faire-part de mariage.<\/p>\n<h4 style=\"text-align: justify;\">Le portrait de couple illustr\u00e9 personnalis\u00e9, comment \u00e7a marche ?<\/h4>\n<ol>\n<li style=\"text-align: justify;\"><strong>Choisissez le nombre de personnes \u00e0 illustrer<br \/>\n<\/strong><span>Si vous souhaitez ajouter votre animal de compagnie pr\u00e9f\u00e9r\u00e9, merci de cocher la case dans les options et d&rsquo;indiquer la quantit\u00e9. Les grands animaux comme les chevaux comptent pour un personnage. Merci.<\/span><\/li>\n<li style=\"text-align: justify;\"><strong>Envoyez-moi vos photos<br \/>\n<\/strong>Je fais l&rsquo;illustration sur mesure de votre portrait de couple ou de mari\u00e9s\u00a0sur la base d\u2019une ou plusieurs photos. Merci de m&rsquo;envoyer des photos de vous bien lisibles, visages de face, sans lunettes de soleil, sans bonnets ou grosses doudounes ou autres photo bombs qui m&#8217;emp\u00eacheraient de bien voir qui vous \u00eates :D. Le cas contraire, je me r\u00e9serve le droit de reporter la r\u00e9alisation de votre portrait tant que je n&rsquo;ai pas re\u00e7u de photos lisibles et de qualit\u00e9. Merci de votre compr\u00e9hension.<\/li>\n<li style=\"text-align: justify;\"><strong>Vous choisissez les d\u00e9tails et les couleurs principales de l&rsquo;illustration<\/strong><br \/>\nGr\u00e2ce au champ de personnalisation, vous m&rsquo;indiquez les couleurs, les pr\u00e9noms et \/ ou le message de votre choix<\/li>\n<li style=\"text-align: justify;\"><strong>Je vous adresse le crayonn\u00e9 de l&rsquo;illustration par email avant la mise en couleur, afin que vous validiez le dessin.<\/strong><br \/>\nVous pouvez me demander\u00a0deux fois une modification.<\/li>\n<li style=\"text-align: justify;\"><strong>Je fais la mise en couleur et vous adresse votre portrait de famille imprim\u00e9 sur papier d&rsquo;art \u00e9pais au format A4 (300 gr\/m\u00b2)<br \/>\n<\/strong>Si vous souhaitez un tirage sp\u00e9cifique ne figurant pas dans les choix, contactez-moi avant de passer commande.<\/li>\n<\/ol>\n<h4>D\u00e9lais de r\u00e9alisation pour votre portrait illustr\u00e9 &#8211; tableau de couple personnalis\u00e9<\/h4>\n<p style=\"text-align: justify;\">Les d\u00e9lais vont varier suivant le nombre de commandes en cours et de mes disponibilit\u00e9s du moment. Compter un d\u00e9lai minimum de<strong> 3 semaines<\/strong>, entre la commande de votre portrait de couple ou mari\u00e9s personnalis\u00e9 et la livraison. Cela peut aller aussi jusqu&rsquo;\u00e0 2 mois. Donc merci de bien vouloir <strong><a href=\"http:\/\/www.lespetitsbrins.com\/me-contacter\/\">me contacter<\/a> avant de passer commande<\/strong> pour un portrait de couple personnalis\u00e9 si vous \u00eates press\u00e9s.<\/p>\n<p style=\"text-align: justify;\">Vous pouvez \u00e9galement offrir un <a href=\"http:\/\/www.lespetitsbrins.com\/me-contacter\/\"><strong>bon cadeau<\/strong><\/a> si vous pensez que nous ne serons pas dans les d\u00e9lais.<\/p>\n","protected":false},"excerpt":{"rendered":"<p>Portrait de couple illustr\u00e9, faire-part de mariage, ou jeunes mari\u00e9s, une illustration personnalis\u00e9e sur mesure. Sur la base de vos photos, je r\u00e9alise le portrait de votre couple\u00a0de mari\u00e9s ou jeunes (ou moins jeunes \ud83d\ude09 ) fianc\u00e9s.<\/p>\n<p>Impression sur papier d&rsquo;art A4 300 gr\/m\u00b2 ; impression sur toile avec ch\u00e2ssis, ou aquarelle originale en options. (livr\u00e9 sans cadre). <span style=\"color: #ef8b84;\"><strong>Merci de <a style=\"color: #ef8b84;\" href=\"https:\/\/www.lespetitsbrins.com\/me-contacter\/\">me contacter<\/a> avant de passer commande pour les d\u00e9lais.<\/strong><\/span><\/p>\n<p>Plus d&rsquo;infos <a href=\"#tab-description\">ci-dessous<\/a><\/p>\n","protected":false},"featured_media":104,"comment_status":"open","ping_status":"closed","template":"","meta":[],"_links":{"self":[{"href":"https:\/\/prod.lespetitsbrins.com\/index.php?rest_route=\/wp\/v2\/product\/24"}],"collection":[{"href":"https:\/\/prod.lespetitsbrins.com\/index.php?rest_route=\/wp\/v2\/product"}],"about":[{"href":"https:\/\/prod.lespetitsbrins.com\/index.php?rest_route=\/wp\/v2\/types\/product"}],"replies":[{"embeddable":true,"href":"https:\/\/prod.lespetitsbrins.com\/index.php?rest_route=%2Fwp%2Fv2%2Fcomments&post=24"}],"wp:featuredmedia":[{"embeddable":true,"href":"https:\/\/prod.lespetitsbrins.com\/index.php?rest_route=\/wp\/v2\/media\/104"}],"wp:attachment":[{"href":"https:\/\/prod.lespetitsbrins.com\/index.php?rest_route=%2Fwp%2Fv2%2Fmedia&parent=24"}],"curies":[{"name":"wp","href":"https:\/\/api.w.org\/{rel}","templated":true}]}}