{"id":257,"date":"2019-12-17T14:44:05","date_gmt":"2019-12-17T13:44:05","guid":{"rendered":"https:\/\/prod.lespetitsbrins.com\/?product=import-placeholder-for-3554"},"modified":"2019-12-17T14:44:39","modified_gmt":"2019-12-17T13:44:39","slug":"maman-cherie","status":"publish","type":"product","link":"https:\/\/prod.lespetitsbrins.com\/?product=maman-cherie","title":{"rendered":"Maman ch\u00e9rie"},"content":{"rendered":"<p>Jolie bibi et son mini x Les Petits Brins d&rsquo;Isabelle.<\/p>\n<p>Illustration r\u00e9alis\u00e9e en collaboration avec la Box pour Maman et b\u00e9b\u00e9s \u00ab\u00a0Jolie bibi et son mini\u00a0\u00bb \u00e0 l&rsquo;occasion de la f\u00eate des m\u00e8res, mais aussi pour dire juste \u00ab\u00a0je t&rsquo;aime \u00e0 sa maman ch\u00e9rie\u00a0\u00bb, \u00e0 la m\u00e8re de ses enfants.<\/p>\n<p>A offrir ou \u00e0 encadrer pour apporter une note de douceur et de fraicheur.<\/p>\n<p>Impression professionnelle sur papier couch\u00e9 demi-mat 350 gr\/m\u00b2. Livr\u00e9e avec une enveloppe en papier recycl\u00e9 mouchet\u00e9.<\/p>\n","protected":false},"excerpt":{"rendered":"<p><img loading=\"lazy\" class=\"alignright wp-image-3555 size-thumbnail\" title=\"JOLIE BIBI &amp; SON MINI\" src=\"https:\/\/www.lespetitsbrins.com\/wp-content\/uploads\/2019\/05\/LOGO-JOLIE-BIBI-SON-MINI--150x150.jpeg\" alt=\"JOLIE BIBI &amp; SON MINI\" width=\"150\" height=\"150\" \/>Illustration r\u00e9alis\u00e9e pour la box mensuelle \u00ab\u00a0Jolie bibi et son mini\u00a0\u00bb.<\/p>\n<p>Maman ch\u00e9rie ou comment dire Maman je t&rsquo;aime, bonne f\u00eate maman \u00e0 toutes les m\u00e8res-veilleuses mamans !<\/p>\n<p>Impression professionnelle sur papier couch\u00e9 demi mat lisse 350 gr\/m\u00b2.<\/p>\n<p>Livr\u00e9e avec une enveloppe en papier recycl\u00e9 mouchet\u00e9.<\/p>\n","protected":false},"featured_media":321,"comment_status":"open","ping_status":"closed","template":"","meta":[],"_links":{"self":[{"href":"https:\/\/prod.lespetitsbrins.com\/index.php?rest_route=\/wp\/v2\/product\/257"}],"collection":[{"href":"https:\/\/prod.lespetitsbrins.com\/index.php?rest_route=\/wp\/v2\/product"}],"about":[{"href":"https:\/\/prod.lespetitsbrins.com\/index.php?rest_route=\/wp\/v2\/types\/product"}],"replies":[{"embeddable":true,"href":"https:\/\/prod.lespetitsbrins.com\/index.php?rest_route=%2Fwp%2Fv2%2Fcomments&post=257"}],"wp:featuredmedia":[{"embeddable":true,"href":"https:\/\/prod.lespetitsbrins.com\/index.php?rest_route=\/wp\/v2\/media\/321"}],"wp:attachment":[{"href":"https:\/\/prod.lespetitsbrins.com\/index.php?rest_route=%2Fwp%2Fv2%2Fmedia&parent=257"}],"curies":[{"name":"wp","href":"https:\/\/api.w.org\/{rel}","templated":true}]}}