{"id":258,"date":"2019-12-17T14:44:06","date_gmt":"2019-12-17T13:44:06","guid":{"rendered":"https:\/\/prod.lespetitsbrins.com\/?product=import-placeholder-for-3567"},"modified":"2019-12-17T14:45:24","modified_gmt":"2019-12-17T13:45:24","slug":"affiche-maman-bebe-et-monstera","status":"publish","type":"product","link":"https:\/\/prod.lespetitsbrins.com\/?product=affiche-maman-bebe-et-monstera","title":{"rendered":"Affiche maman &#038; b\u00e9b\u00e9 et monstera"},"content":{"rendered":"<p>Affiche maman et b\u00e9b\u00e9. Illustration originale pleine de tendresse d&rsquo;une maman et de son nouveau-n\u00e9 et Monstera, personnalisable (couleur des cheveux, peau, fond et texte). Par Isabelle Monnerot-Dumaine.<\/p>\n<p>Impression A4 Fine Art sur Papier blanc FSC Ecolabel lisse : 300 gr\/m\u00b2.<\/p>\n<p>&nbsp;<\/p>\n","protected":false},"excerpt":{"rendered":"<p>Affiche maman, b\u00e9b\u00e9 nouveau-n\u00e9 sur fond de Monstera, \u00e0 s&rsquo;offrir pour d\u00e9corer la chambre de b\u00e9b\u00e9 ou une autre pi\u00e8ce ou \u00e0 offrir \u00e0 l&rsquo;occasion d&rsquo;une naissance. Par Isabelle Monnerot-Dumaine. Personnalisation : couleur des cheveux, peau, fond et texte.<\/p>\n<p>Impression A4 Fine Art sur Papier blanc FSC Ecolabel lisse : 300 gr\/m\u00b2.<\/p>\n<p>Vendue sans cadre.<\/p>\n","protected":false},"featured_media":322,"comment_status":"open","ping_status":"closed","template":"","meta":[],"_links":{"self":[{"href":"https:\/\/prod.lespetitsbrins.com\/index.php?rest_route=\/wp\/v2\/product\/258"}],"collection":[{"href":"https:\/\/prod.lespetitsbrins.com\/index.php?rest_route=\/wp\/v2\/product"}],"about":[{"href":"https:\/\/prod.lespetitsbrins.com\/index.php?rest_route=\/wp\/v2\/types\/product"}],"replies":[{"embeddable":true,"href":"https:\/\/prod.lespetitsbrins.com\/index.php?rest_route=%2Fwp%2Fv2%2Fcomments&post=258"}],"wp:featuredmedia":[{"embeddable":true,"href":"https:\/\/prod.lespetitsbrins.com\/index.php?rest_route=\/wp\/v2\/media\/322"}],"wp:attachment":[{"href":"https:\/\/prod.lespetitsbrins.com\/index.php?rest_route=%2Fwp%2Fv2%2Fmedia&parent=258"}],"curies":[{"name":"wp","href":"https:\/\/api.w.org\/{rel}","templated":true}]}}