{"id":366,"date":"2019-12-17T14:44:57","date_gmt":"2019-12-17T13:44:57","guid":{"rendered":"https:\/\/prod.lespetitsbrins.com\/?product=import-placeholder-for-3908"},"modified":"2019-12-17T14:45:24","modified_gmt":"2019-12-17T13:45:24","slug":"affiche-naissance-ours-polaire-personnalisable","status":"publish","type":"product","link":"https:\/\/prod.lespetitsbrins.com\/?product=affiche-naissance-ours-polaire-personnalisable","title":{"rendered":"Affiche naissance ours polaire personnalisable"},"content":{"rendered":"<p>Affiche ours polaire pour une naissance personnalisable. Illustration originale d&rsquo;Isabelle Monnerot-Dumaine \u00a9 2017.\u00a0L&rsquo;ours polaire, s&rsquo;int\u00e8gre parfaitement dans une ambiance nordique et minimaliste. Id\u00e9al pour un cadeau de naissance, un anniversaire, un faire-part de naissance.<\/p>\n<p>Tirage d&rsquo;art (gicl\u00e9e) sur papier blanc 300 g\/m\u00b2, FSC, Ecolabel.<\/p>\n<h2>Les affiches ours polaire naissance sont personnalisables :<\/h2>\n<p>vous pouvez y ajouter \u00ab\u00a0Bienvenue PR\u00c9NOM\u00a0\u00bb ou \u00ab\u00a0PR\u00c9NOM et date de naissance\u00a0\u00bb. Attention, se r\u00e9f\u00e9rer aux mod\u00e8les, aucun changement ne sera effectu\u00e9. Veillez \u00e0 bien v\u00e9rifier l&rsquo;orthographe du pr\u00e9nom et la date de naissance. Ces reproductions gicl\u00e9es fine art \u00e9tant faites \u00e0 la demande, aucun retour ou \u00e9change ne sera effectu\u00e9.<\/p>\n<p>Format A4.\u00a0Plus grand format, <a href=\"https:\/\/www.lespetitsbrins.com\/me-contacter\/\">me contacter<\/a>.<\/p>\n<p>Vendue sans cadre.<\/p>\n<p>N&rsquo;h\u00e9sitez pas \u00e0 me contacter si vous souhaitez que je reproduise cette affiche naissance b\u00e9b\u00e9 personnalisable pour une utilisation sur un autre support : faire-part de naissance, carton d&rsquo;invitation \u00e0 un anniversaire&#8230;<\/p>\n","protected":false},"excerpt":{"rendered":"<p>Affiche <strong>naissance ours polaire<\/strong> pour d\u00e9corer la chambre de votre enfant ou pour offrir. Reproduction fine art sur papier \u00e9pais 300 g\/m\u00b2. Livraison en lettre suivie sous 48 heures.<\/p>\n<p><strong>Affiche personnalisable<\/strong>. Ajoutez le pr\u00e9nom de votre b\u00e9b\u00e9, de votre enfant, sa date de naissance en choisissant un mod\u00e8le.\u00a0Veillez \u00e0 bien v\u00e9rifier l&rsquo;orthographe du pr\u00e9nom, aucun retour ou \u00e9change ne sera effectu\u00e9.<\/p>\n<p>Format disponible A4. Pour un plus grand format, <a href=\"http:\/\/www.lespetitsbrins.com\/me-contacter\/\">me contacter<\/a>.<\/p>\n","protected":false},"featured_media":405,"comment_status":"open","ping_status":"closed","template":"","meta":[],"_links":{"self":[{"href":"https:\/\/prod.lespetitsbrins.com\/index.php?rest_route=\/wp\/v2\/product\/366"}],"collection":[{"href":"https:\/\/prod.lespetitsbrins.com\/index.php?rest_route=\/wp\/v2\/product"}],"about":[{"href":"https:\/\/prod.lespetitsbrins.com\/index.php?rest_route=\/wp\/v2\/types\/product"}],"replies":[{"embeddable":true,"href":"https:\/\/prod.lespetitsbrins.com\/index.php?rest_route=%2Fwp%2Fv2%2Fcomments&post=366"}],"wp:featuredmedia":[{"embeddable":true,"href":"https:\/\/prod.lespetitsbrins.com\/index.php?rest_route=\/wp\/v2\/media\/405"}],"wp:attachment":[{"href":"https:\/\/prod.lespetitsbrins.com\/index.php?rest_route=%2Fwp%2Fv2%2Fmedia&parent=366"}],"curies":[{"name":"wp","href":"https:\/\/api.w.org\/{rel}","templated":true}]}}