{"id":367,"date":"2019-12-17T14:44:57","date_gmt":"2019-12-17T13:44:57","guid":{"rendered":"https:\/\/prod.lespetitsbrins.com\/?product=import-placeholder-for-3944"},"modified":"2019-12-17T14:45:31","modified_gmt":"2019-12-17T13:45:31","slug":"affiche-initiale-enfant-personnalisable-prenom-garcon","status":"publish","type":"product","link":"https:\/\/prod.lespetitsbrins.com\/?product=affiche-initiale-enfant-personnalisable-prenom-garcon","title":{"rendered":"Affiche initiale enfant personnalisable &#8211; Pr\u00e9nom Gar\u00e7on"},"content":{"rendered":"<p>Affiche personnalisable avec l&rsquo;initiale du pr\u00e9nom de votre enfant et les informations de sa naissance. Personnalisez cette illustration originale au style r\u00e9tro vintage d&rsquo;Isabelle Monnerot-Dumaine. Pour un petit gar\u00e7on sage, ou gourmand. Pour un cadeau de naissance, un cadeau d&rsquo;anniversaire, ou tout simplement pour d\u00e9corer la chambre de votre b\u00e9b\u00e9, neveu, filleul\u2026 \u00e0 offrir ou \u00e0 s&rsquo;offrir !<\/p>\n<h3>Affiche avec l&rsquo;initiale du pr\u00e9nom de votre enfant personnalisable<\/h3>\n<p>Les \u00e9l\u00e9ments de personnalisation de votre affiche sont les suivants : vous choisissez l&rsquo;initiale (premi\u00e8re lettre du pr\u00e9nom), la couleur des habits et de l&rsquo;initiale, la couleur des informations d\u00e9taill\u00e9es pr\u00e9nom (pr\u00e9nom, date de naissance, heure, poids, taille\u2026).<\/p>\n<p>Tirage professionnel sur un papier blanc \u00e9pais (300 gr\/m\u00b2), FSC, Ecolabel.<\/p>\n<p>Attention, aucun \u00e9change ne sera effectu\u00e9. Merci de bien v\u00e9rifier les informations et vos choix de couleur.<\/p>\n<p>Cette affiche initiale enfant personnalisable existe \u00e9galement <a href=\"https:\/\/www.lespetitsbrins.com\/produit\/affiche-initiale-personnalisable-fille\/\" target=\"_blank\" rel=\"noopener noreferrer\">en version fille<\/a>.<\/p>\n","protected":false},"excerpt":{"rendered":"<p>Affiche initiale personnalisable petit gar\u00e7on. Ab\u00e9c\u00e9daire pour enfant vintage et r\u00e9tro avec une illustration originale reproduite et imprim\u00e9e sur un papier blanc \u00e9pais au format A4 (300 gr\/m\u00b2). Personnalisation de la couleur de la lettre, des habits et du pr\u00e9nom et des informations de naissance.<\/p>\n<p>Vendue sans cadre. Imprim\u00e9e et exp\u00e9di\u00e9e sous 48 heures jours ouvr\u00e9s et non f\u00e9ri\u00e9s (hors jours de cong\u00e9s).<\/p>\n<p>\u00a9 illustration originale Isabelle Monnerot-Dumaine<\/p>\n","protected":false},"featured_media":418,"comment_status":"open","ping_status":"closed","template":"","meta":[],"_links":{"self":[{"href":"https:\/\/prod.lespetitsbrins.com\/index.php?rest_route=\/wp\/v2\/product\/367"}],"collection":[{"href":"https:\/\/prod.lespetitsbrins.com\/index.php?rest_route=\/wp\/v2\/product"}],"about":[{"href":"https:\/\/prod.lespetitsbrins.com\/index.php?rest_route=\/wp\/v2\/types\/product"}],"replies":[{"embeddable":true,"href":"https:\/\/prod.lespetitsbrins.com\/index.php?rest_route=%2Fwp%2Fv2%2Fcomments&post=367"}],"wp:featuredmedia":[{"embeddable":true,"href":"https:\/\/prod.lespetitsbrins.com\/index.php?rest_route=\/wp\/v2\/media\/418"}],"wp:attachment":[{"href":"https:\/\/prod.lespetitsbrins.com\/index.php?rest_route=%2Fwp%2Fv2%2Fmedia&parent=367"}],"curies":[{"name":"wp","href":"https:\/\/api.w.org\/{rel}","templated":true}]}}