{"id":369,"date":"2019-12-17T14:44:58","date_gmt":"2019-12-17T13:44:58","guid":{"rendered":"https:\/\/prod.lespetitsbrins.com\/?product=import-placeholder-for-4010"},"modified":"2019-12-17T14:45:33","modified_gmt":"2019-12-17T13:45:33","slug":"affiche-bebe-personnalisee-initiale-et-prenom","status":"publish","type":"product","link":"https:\/\/prod.lespetitsbrins.com\/?product=affiche-bebe-personnalisee-initiale-et-prenom","title":{"rendered":"Affiche b\u00e9b\u00e9 personnalis\u00e9e initiale et pr\u00e9nom"},"content":{"rendered":"<p>Affiche personnalisable avec l&rsquo;initiale du pr\u00e9nom de votre b\u00e9b\u00e9 et les informations de sa naissance. Personnalisez cette illustration originale d&rsquo;un b\u00e9b\u00e9 au berceau en rotin, au style r\u00e9tro vintage d&rsquo;Isabelle Monnerot-Dumaine \u00e0 l&rsquo;occasion de la naissance d&rsquo;un petit b\u00e9b\u00e9 ou pour f\u00eater ses 1 an. Un cadeau de naissance, un cadeau d&rsquo;anniversaire, ou tout simplement pour d\u00e9corer la chambre de votre b\u00e9b\u00e9, neveu, filleul\u2026 \u00e0 offrir ou \u00e0 s&rsquo;offrir !<\/p>\n<h3>Affiche B\u00e9b\u00e9 personnalis\u00e9e avec l&rsquo;initiale du pr\u00e9nom de votre b\u00e9b\u00e9<\/h3>\n<p>Les \u00e9l\u00e9ments de personnalisation de votre affiche sont les suivants : vous choisissez l&rsquo;initiale (premi\u00e8re lettre du pr\u00e9nom), la couleur de l&rsquo;initiale, la couleur des informations d\u00e9taill\u00e9es pr\u00e9nom (pr\u00e9nom, date de naissance, heure, poids, taille\u2026).<\/p>\n<p>Tirage professionnel sur un papier blanc \u00e9pais (300 gr\/m\u00b2), FSC, Ecolabel.<\/p>\n<p>Attention, aucun \u00e9change ne sera effectu\u00e9. Merci de bien v\u00e9rifier les informations et vos choix de couleur.<br \/>\nMe consulter par mail si vous souhaitez voir le rendu d&rsquo;une lettre qui ne figurerait pas dans les exemples.<\/p>\n","protected":false},"excerpt":{"rendered":"<p>Affiche initiale personnalisable pour b\u00e9b\u00e9 r\u00e9tro vintage. Ab\u00e9c\u00e9daire pour b\u00e9b\u00e9 avec une illustration originale reproduite et imprim\u00e9e sur un papier blanc \u00e9pais au format A4 (300 gr\/m\u00b2). Personnalisation de la couleur de la lettre, du pr\u00e9nom et des informations de naissance.<\/p>\n<p><strong>Vendue sans cadre<\/strong>. Imprim\u00e9e et exp\u00e9di\u00e9e sous 48 heures jours ouvr\u00e9s et non f\u00e9ri\u00e9s (hors jours de cong\u00e9s).<\/p>\n<p>\u00a9 illustration et mod\u00e8le originaux Isabelle Monnerot-Dumaine<\/p>\n","protected":false},"featured_media":427,"comment_status":"open","ping_status":"closed","template":"","meta":[],"_links":{"self":[{"href":"https:\/\/prod.lespetitsbrins.com\/index.php?rest_route=\/wp\/v2\/product\/369"}],"collection":[{"href":"https:\/\/prod.lespetitsbrins.com\/index.php?rest_route=\/wp\/v2\/product"}],"about":[{"href":"https:\/\/prod.lespetitsbrins.com\/index.php?rest_route=\/wp\/v2\/types\/product"}],"replies":[{"embeddable":true,"href":"https:\/\/prod.lespetitsbrins.com\/index.php?rest_route=%2Fwp%2Fv2%2Fcomments&post=369"}],"wp:featuredmedia":[{"embeddable":true,"href":"https:\/\/prod.lespetitsbrins.com\/index.php?rest_route=\/wp\/v2\/media\/427"}],"wp:attachment":[{"href":"https:\/\/prod.lespetitsbrins.com\/index.php?rest_route=%2Fwp%2Fv2%2Fmedia&parent=369"}],"curies":[{"name":"wp","href":"https:\/\/api.w.org\/{rel}","templated":true}]}}