{"id":380,"date":"2019-12-17T14:45:00","date_gmt":"2019-12-17T13:45:00","guid":{"rendered":"https:\/\/prod.lespetitsbrins.com\/?product=import-placeholder-for-4042"},"modified":"2019-12-17T14:45:45","modified_gmt":"2019-12-17T13:45:45","slug":"illustration-petit-prince-et-son-renard-mais-si-tu-mapprivoises","status":"publish","type":"product","link":"https:\/\/prod.lespetitsbrins.com\/?product=illustration-petit-prince-et-son-renard-mais-si-tu-mapprivoises","title":{"rendered":"Illustration Petit Prince et son Renard &#8211; Mais si tu m&rsquo;apprivoises"},"content":{"rendered":"<p>Reproduction de l&rsquo;illustration originale d&rsquo;Isabelle Monnerot-Dumaine, inspir\u00e9e de la citation du Petit Prince et de son renard, \u00ab\u00a0<em><strong>Mais si tu m&rsquo;apprivoises, nous aurons besoin l&rsquo;un de l&rsquo;autre. Tu seras pour moi unique au monde. Je serai pour toi unique au monde<\/strong><\/em>\u00a0\u00bb &#8211; Antoine de Saint Exup\u00e9ry. Citation illustr\u00e9e, aquarelle et prismacolor. Une \u0153uvre unique et originale, pleine de douceur et de po\u00e9sie. Parfaite pour d\u00e9corer la chambre de votre b\u00e9b\u00e9 ou de vos enfants, votre s\u00e9jour, le salon, l&rsquo;entr\u00e9e&#8230; Une id\u00e9e de cadeau \u00e0 offrir ou \u00e0 s&rsquo;offrir.<\/p>\n<p>Affiche personnalisable fineart sur un papier \u00e9pais textur\u00e9 300 gr\/m\u00b2 au format A4. Pour un plus grand format, me contacter.<\/p>\n","protected":false},"excerpt":{"rendered":"<p>Illustration de la citation du Petit Prince et de son renard, \u00ab\u00a0<em><strong>Mais si tu m&rsquo;apprivoises, nous aurons besoin l&rsquo;un de l&rsquo;autre. Tu seras pour moi unique au monde. Je serai pour toi unique au monde<\/strong><\/em>\u00a0\u00bb &#8211; Antoine de Saint Exup\u00e9ry.<br \/>\nAffiche personnalisable de l&rsquo;aquarelle originale sur un papier d&rsquo;art \u00e9pais (300 gr\/m\u00b2), au format A4.<\/p>\n<p>Vendue sans cadre.<\/p>\n","protected":false},"featured_media":430,"comment_status":"open","ping_status":"closed","template":"","meta":[],"_links":{"self":[{"href":"https:\/\/prod.lespetitsbrins.com\/index.php?rest_route=\/wp\/v2\/product\/380"}],"collection":[{"href":"https:\/\/prod.lespetitsbrins.com\/index.php?rest_route=\/wp\/v2\/product"}],"about":[{"href":"https:\/\/prod.lespetitsbrins.com\/index.php?rest_route=\/wp\/v2\/types\/product"}],"replies":[{"embeddable":true,"href":"https:\/\/prod.lespetitsbrins.com\/index.php?rest_route=%2Fwp%2Fv2%2Fcomments&post=380"}],"wp:featuredmedia":[{"embeddable":true,"href":"https:\/\/prod.lespetitsbrins.com\/index.php?rest_route=\/wp\/v2\/media\/430"}],"wp:attachment":[{"href":"https:\/\/prod.lespetitsbrins.com\/index.php?rest_route=%2Fwp%2Fv2%2Fmedia&parent=380"}],"curies":[{"name":"wp","href":"https:\/\/api.w.org\/{rel}","templated":true}]}}