{"id":416,"date":"2019-12-17T14:45:25","date_gmt":"2019-12-17T13:45:25","guid":{"rendered":"https:\/\/prod.lespetitsbrins.com\/?product=import-placeholder-for-4130"},"modified":"2019-12-17T14:45:46","modified_gmt":"2019-12-17T13:45:46","slug":"affiche-personnalisable-mon-premier-anniversaire-1-an-bebe-modele-3","status":"publish","type":"product","link":"https:\/\/prod.lespetitsbrins.com\/?product=affiche-personnalisable-mon-premier-anniversaire-1-an-bebe-modele-3","title":{"rendered":"Affiche personnalisable mon premier anniversaire 1 an b\u00e9b\u00e9 &#8211; Mod\u00e8le 3"},"content":{"rendered":"<p>Une affiche personnalis\u00e9e sur-mesure pour c\u00e9l\u00e9brer son premier anniversaire avec l&rsquo;illustration d&rsquo;un adorable b\u00e9b\u00e9 et les souvenirs de ce b\u00e9b\u00e9 de 1 an. Pour d\u00e9corer le lieu de la f\u00eate ou d\u00e9corer sa chambre. Son surnom, sa date anniversaire, sa taille, son poids, le nombre de dents, ce qu&rsquo;il sait faire, ce qu&rsquo;il aime faire, ses premiers mots, ses plats pr\u00e9f\u00e9r\u00e9s, &#8230; Un joli souvenir personnalisable de sa premi\u00e8re ann\u00e9e pour d\u00e9corer sa chambre, mais aussi d\u00e9corer la jolie f\u00eate que vous allez pr\u00e9parer pour lui.<\/p>\n<p>Impression professionnelle sur papier blanc de qualit\u00e9 (format A4). Vendue sans cadre.<\/p>\n<p>R\u00e9alisation sous 48 heures, livraison en 48 heures jours ouvr\u00e9s.<\/p>\n","protected":false},"excerpt":{"rendered":"<p>Une affiche personnalis\u00e9e pour f\u00eater le tout premier anniversaire de votre b\u00e9b\u00e9 avec une illustration toute douce et personnalisable.<\/p>\n<p>Un merveilleux souvenir personnalisable pour d\u00e9corer le lieu de la f\u00eate de ses 1 ans et \u00e0 accrocher ou encadrer dans la chambre de votre enfant. C&rsquo;est un cadeau unique et original !<\/p>\n<p>(Format A4, vendue sans cadre)<\/p>\n","protected":false},"featured_media":443,"comment_status":"open","ping_status":"closed","template":"","meta":[],"_links":{"self":[{"href":"https:\/\/prod.lespetitsbrins.com\/index.php?rest_route=\/wp\/v2\/product\/416"}],"collection":[{"href":"https:\/\/prod.lespetitsbrins.com\/index.php?rest_route=\/wp\/v2\/product"}],"about":[{"href":"https:\/\/prod.lespetitsbrins.com\/index.php?rest_route=\/wp\/v2\/types\/product"}],"replies":[{"embeddable":true,"href":"https:\/\/prod.lespetitsbrins.com\/index.php?rest_route=%2Fwp%2Fv2%2Fcomments&post=416"}],"wp:featuredmedia":[{"embeddable":true,"href":"https:\/\/prod.lespetitsbrins.com\/index.php?rest_route=\/wp\/v2\/media\/443"}],"wp:attachment":[{"href":"https:\/\/prod.lespetitsbrins.com\/index.php?rest_route=%2Fwp%2Fv2%2Fmedia&parent=416"}],"curies":[{"name":"wp","href":"https:\/\/api.w.org\/{rel}","templated":true}]}}